{"id":70596,"date":"2026-04-15T17:35:08","date_gmt":"2026-04-15T15:35:08","guid":{"rendered":"https:\/\/dev.mivv.com\/scarico-moto\/uy-016-lx1-yamaha-yzf-1000-r1-2004-2006\/"},"modified":"2026-04-15T17:35:08","modified_gmt":"2026-04-15T15:35:08","slug":"uy-016-lx1-yamaha-yzf-1000-r1-2004-2006","status":"publish","type":"product","link":"https:\/\/dev.mivv.com\/pt-pt\/product\/uy-016-lx1-yamaha-yzf-1000-r1-2004-2006\/","title":{"rendered":"UY.016.LX1 &#8211; YAMAHA YZF 1000 R1 2004 > 2006"},"content":{"rendered":"<p>Concebidos para melhorar a <strong>est\u00e9tica, som e desempenho<\/strong> da moto, os Escapes mont\u00e1veis da Mivv s\u00e3o o resultado da m\u00e1xima aten\u00e7\u00e3o ao design, com o objetivo de satisfazer aqueles que se querem <strong>distinguir<\/strong> pelo <strong>aspeto<\/strong> das suas motos.<\/p>\n<p>O escape OVAL \u00e9 perfeitamente adequado para todos os tipos de motos. Com a m\u00e1xima aten\u00e7\u00e3o aos detalhes, esta gama \u00e9 o melhor compromisso entre o <strong>visual<\/strong> e o <strong>desempenho<\/strong>. <\/p>\n<p>O a\u00e7o inoxid\u00e1vel <strong>escovado<\/strong> do corpo central enfatiza o <strong>acabamento natural<\/strong> deste material.<\/p>\n","protected":false},"excerpt":{"rendered":"<p>Concebidos para melhorar a est\u00e9tica, som e desempenho da moto, os Escapes mont\u00e1veis da Mivv s\u00e3o o resultado da m\u00e1xima aten\u00e7\u00e3o ao design, com o objetivo de satisfazer aqueles que se querem distinguir pelo aspeto das suas motos. O escape OVAL \u00e9 perfeitamente adequado para todos os tipos de motos. Com a m\u00e1xima aten\u00e7\u00e3o aos [&hellip;]<\/p>\n","protected":false},"featured_media":25108,"template":"","meta":{"_acf_changed":false},"product_brand":[21485,21384,21482],"product_cat":[850],"product_tag":[],"class_list":{"0":"post-70596","1":"product","2":"type-product","3":"status-publish","4":"has-post-thumbnail","6":"product_brand-2004-2006-yzf-1000-r1","7":"product_brand-yamaha","8":"product_brand-yzf-1000-r1","9":"product_cat-2-slip-on","11":"first","12":"instock","13":"shipping-taxable","14":"product-type-simple"},"acf":[],"_links":{"self":[{"href":"https:\/\/dev.mivv.com\/pt-pt\/wp-json\/wp\/v2\/product\/70596","targetHints":{"allow":["GET"]}}],"collection":[{"href":"https:\/\/dev.mivv.com\/pt-pt\/wp-json\/wp\/v2\/product"}],"about":[{"href":"https:\/\/dev.mivv.com\/pt-pt\/wp-json\/wp\/v2\/types\/product"}],"wp:featuredmedia":[{"embeddable":true,"href":"https:\/\/dev.mivv.com\/pt-pt\/wp-json\/wp\/v2\/media\/25108"}],"wp:attachment":[{"href":"https:\/\/dev.mivv.com\/pt-pt\/wp-json\/wp\/v2\/media?parent=70596"}],"wp:term":[{"taxonomy":"product_brand","embeddable":true,"href":"https:\/\/dev.mivv.com\/pt-pt\/wp-json\/wp\/v2\/product_brand?post=70596"},{"taxonomy":"product_cat","embeddable":true,"href":"https:\/\/dev.mivv.com\/pt-pt\/wp-json\/wp\/v2\/product_cat?post=70596"},{"taxonomy":"product_tag","embeddable":true,"href":"https:\/\/dev.mivv.com\/pt-pt\/wp-json\/wp\/v2\/product_tag?post=70596"}],"curies":[{"name":"wp","href":"https:\/\/api.w.org\/{rel}","templated":true}]}}