{"id":71165,"date":"2026-04-15T17:39:42","date_gmt":"2026-04-15T15:39:42","guid":{"rendered":"https:\/\/dev.mivv.com\/scarico-moto\/acc-033-a1-ktm-390-duke-2013-2016\/"},"modified":"2026-04-15T17:39:42","modified_gmt":"2026-04-15T15:39:42","slug":"acc-033-a1-ktm-390-duke-2013-2016","status":"publish","type":"product","link":"https:\/\/dev.mivv.com\/pt-pt\/product\/acc-033-a1-ktm-390-duke-2013-2016\/","title":{"rendered":"ACC.033.A1 &#8211; KTM 390 DUKE 2013 > 2016"},"content":{"rendered":"<p>Os tubos Dekat de a\u00e7o inoxid\u00e1vel opcionais oferecem uma melhoria de desempenho, particularmente quando utilizados em conjunto com o silenciador mont\u00e1vel da Mivv. Este produto melhora a sua moto com um melhor aspeto e um som \u00fanico. Este produto n\u00e3o est\u00e1 aprovado de acordo com os regulamentos atuais para utiliza\u00e7\u00e3o de motos na estrada.<\/p>\n","protected":false},"excerpt":{"rendered":"<p>Os tubos Dekat de a\u00e7o inoxid\u00e1vel opcionais oferecem uma melhoria de desempenho, particularmente quando utilizados em conjunto com o silenciador mont\u00e1vel da Mivv. Este produto melhora a sua moto com um melhor aspeto e um som \u00fanico. Este produto n\u00e3o est\u00e1 aprovado de acordo com os regulamentos atuais para utiliza\u00e7\u00e3o de motos na estrada.<\/p>\n","protected":false},"featured_media":63272,"template":"","meta":{"_acf_changed":false},"product_brand":[20999,20998,20972],"product_cat":[696],"product_tag":[],"class_list":{"0":"post-71165","1":"product","2":"type-product","3":"status-publish","4":"has-post-thumbnail","6":"product_brand-2013-2016-390-duke","7":"product_brand-390-duke","8":"product_brand-ktm","9":"product_cat-catalisador","11":"first","12":"instock","13":"shipping-taxable","14":"product-type-simple"},"acf":[],"_links":{"self":[{"href":"https:\/\/dev.mivv.com\/pt-pt\/wp-json\/wp\/v2\/product\/71165","targetHints":{"allow":["GET"]}}],"collection":[{"href":"https:\/\/dev.mivv.com\/pt-pt\/wp-json\/wp\/v2\/product"}],"about":[{"href":"https:\/\/dev.mivv.com\/pt-pt\/wp-json\/wp\/v2\/types\/product"}],"wp:featuredmedia":[{"embeddable":true,"href":"https:\/\/dev.mivv.com\/pt-pt\/wp-json\/wp\/v2\/media\/63272"}],"wp:attachment":[{"href":"https:\/\/dev.mivv.com\/pt-pt\/wp-json\/wp\/v2\/media?parent=71165"}],"wp:term":[{"taxonomy":"product_brand","embeddable":true,"href":"https:\/\/dev.mivv.com\/pt-pt\/wp-json\/wp\/v2\/product_brand?post=71165"},{"taxonomy":"product_cat","embeddable":true,"href":"https:\/\/dev.mivv.com\/pt-pt\/wp-json\/wp\/v2\/product_cat?post=71165"},{"taxonomy":"product_tag","embeddable":true,"href":"https:\/\/dev.mivv.com\/pt-pt\/wp-json\/wp\/v2\/product_tag?post=71165"}],"curies":[{"name":"wp","href":"https:\/\/api.w.org\/{rel}","templated":true}]}}