{"id":71665,"date":"2026-04-15T17:43:01","date_gmt":"2026-04-15T15:43:01","guid":{"rendered":"https:\/\/dev.mivv.com\/scarico-moto\/k-006-ln-kawasaki-zx-7-r-1996-2001\/"},"modified":"2026-04-15T17:43:01","modified_gmt":"2026-04-15T15:43:01","slug":"k-006-ln-kawasaki-zx-7-r-1996-2001","status":"publish","type":"product","link":"https:\/\/dev.mivv.com\/pt-pt\/product\/k-006-ln-kawasaki-zx-7-r-1996-2001\/","title":{"rendered":"K.006.LN &#8211; KAWASAKI ZX-7 R 1996 > 2001"},"content":{"rendered":"<p>Concebidos para melhorar a <strong>est\u00e9tica, som e desempenho<\/strong> da moto, os Escapes mont\u00e1veis da Mivv s\u00e3o o resultado da m\u00e1xima aten\u00e7\u00e3o ao design, com o objetivo de satisfazer aqueles que se querem <strong>distinguir<\/strong> pelo <strong>aspeto<\/strong> das suas motos.<\/p>\n<p>O escape OVAL \u00e9 perfeitamente adequado para todos os tipos de motos. Com a m\u00e1xima aten\u00e7\u00e3o aos detalhes, esta gama \u00e9 o melhor compromisso entre o <strong>visual<\/strong> e o <strong>desempenho<\/strong>. <\/p>\n<p>O corpo central \u00e9 feito de tit\u00e2nio, um material que confere leveza e um car\u00e1ter desportivo ao silenciador.<\/p>\n","protected":false},"excerpt":{"rendered":"<p>Concebidos para melhorar a est\u00e9tica, som e desempenho da moto, os Escapes mont\u00e1veis da Mivv s\u00e3o o resultado da m\u00e1xima aten\u00e7\u00e3o ao design, com o objetivo de satisfazer aqueles que se querem distinguir pelo aspeto das suas motos. O escape OVAL \u00e9 perfeitamente adequado para todos os tipos de motos. Com a m\u00e1xima aten\u00e7\u00e3o aos [&hellip;]<\/p>\n","protected":false},"featured_media":62683,"template":"","meta":{"_acf_changed":false},"product_brand":[20957,20862,20956],"product_cat":[4378],"product_tag":[],"class_list":{"0":"post-71665","1":"product","2":"type-product","3":"status-publish","4":"has-post-thumbnail","6":"product_brand-1996-zx-7-r","7":"product_brand-kawasaki","8":"product_brand-zx-7-r","9":"product_cat-bolt-on","11":"first","12":"instock","13":"shipping-taxable","14":"product-type-simple"},"acf":[],"_links":{"self":[{"href":"https:\/\/dev.mivv.com\/pt-pt\/wp-json\/wp\/v2\/product\/71665","targetHints":{"allow":["GET"]}}],"collection":[{"href":"https:\/\/dev.mivv.com\/pt-pt\/wp-json\/wp\/v2\/product"}],"about":[{"href":"https:\/\/dev.mivv.com\/pt-pt\/wp-json\/wp\/v2\/types\/product"}],"wp:featuredmedia":[{"embeddable":true,"href":"https:\/\/dev.mivv.com\/pt-pt\/wp-json\/wp\/v2\/media\/62683"}],"wp:attachment":[{"href":"https:\/\/dev.mivv.com\/pt-pt\/wp-json\/wp\/v2\/media?parent=71665"}],"wp:term":[{"taxonomy":"product_brand","embeddable":true,"href":"https:\/\/dev.mivv.com\/pt-pt\/wp-json\/wp\/v2\/product_brand?post=71665"},{"taxonomy":"product_cat","embeddable":true,"href":"https:\/\/dev.mivv.com\/pt-pt\/wp-json\/wp\/v2\/product_cat?post=71665"},{"taxonomy":"product_tag","embeddable":true,"href":"https:\/\/dev.mivv.com\/pt-pt\/wp-json\/wp\/v2\/product_tag?post=71665"}],"curies":[{"name":"wp","href":"https:\/\/api.w.org\/{rel}","templated":true}]}}