{"id":72729,"date":"2026-04-15T18:16:57","date_gmt":"2026-04-15T16:16:57","guid":{"rendered":"https:\/\/dev.mivv.com\/scarico-moto\/m-010-lgb-moto-guzzi-v7-classic-special-2008-2016\/"},"modified":"2026-04-15T18:16:57","modified_gmt":"2026-04-15T16:16:57","slug":"m-010-lgb-moto-guzzi-v7-classic-special-2008-2016","status":"publish","type":"product","link":"https:\/\/dev.mivv.com\/pt-pt\/product\/m-010-lgb-moto-guzzi-v7-classic-special-2008-2016\/","title":{"rendered":"M.010.LGB &#8211; MOTO GUZZI V7 CLASSIC \/ SPECIAL 2008 > 2016"},"content":{"rendered":"<p>Concebidos para melhorar a <strong>est\u00e9tica, som e desempenho<\/strong> da moto, os Escapes mont\u00e1veis da Mivv s\u00e3o o resultado da m\u00e1xima aten\u00e7\u00e3o ao design, com o objetivo de satisfazer aqueles que se querem <strong>distinguir<\/strong> pelo <strong>aspeto<\/strong> das suas motos.<\/p>\n<p>Constru\u00eddo em a\u00e7o inoxid\u00e1vel, com uma soldagem TIG, o escape GHIBLI \u00e9 um produto de forma <strong>c\u00f3nica<\/strong> e sinuosa, concebido para modelos naked e desportivos: um jogo caracterizado por um <strong>som redondo e inconfund\u00edvel<\/strong>.<\/p>\n","protected":false},"excerpt":{"rendered":"<p>Concebidos para melhorar a est\u00e9tica, som e desempenho da moto, os Escapes mont\u00e1veis da Mivv s\u00e3o o resultado da m\u00e1xima aten\u00e7\u00e3o ao design, com o objetivo de satisfazer aqueles que se querem distinguir pelo aspeto das suas motos. Constru\u00eddo em a\u00e7o inoxid\u00e1vel, com uma soldagem TIG, o escape GHIBLI \u00e9 um produto de forma c\u00f3nica [&hellip;]<\/p>\n","protected":false},"featured_media":38769,"template":"","meta":{"_acf_changed":false},"product_brand":[21116,21104,21115],"product_cat":[850],"product_tag":[],"class_list":{"0":"post-72729","1":"product","2":"type-product","3":"status-publish","4":"has-post-thumbnail","6":"product_brand-2008-2016-v7-classic-special","7":"product_brand-moto-guzzi","8":"product_brand-v7-classic-special","9":"product_cat-2-slip-on","11":"first","12":"instock","13":"shipping-taxable","14":"product-type-simple"},"acf":[],"_links":{"self":[{"href":"https:\/\/dev.mivv.com\/pt-pt\/wp-json\/wp\/v2\/product\/72729","targetHints":{"allow":["GET"]}}],"collection":[{"href":"https:\/\/dev.mivv.com\/pt-pt\/wp-json\/wp\/v2\/product"}],"about":[{"href":"https:\/\/dev.mivv.com\/pt-pt\/wp-json\/wp\/v2\/types\/product"}],"wp:featuredmedia":[{"embeddable":true,"href":"https:\/\/dev.mivv.com\/pt-pt\/wp-json\/wp\/v2\/media\/38769"}],"wp:attachment":[{"href":"https:\/\/dev.mivv.com\/pt-pt\/wp-json\/wp\/v2\/media?parent=72729"}],"wp:term":[{"taxonomy":"product_brand","embeddable":true,"href":"https:\/\/dev.mivv.com\/pt-pt\/wp-json\/wp\/v2\/product_brand?post=72729"},{"taxonomy":"product_cat","embeddable":true,"href":"https:\/\/dev.mivv.com\/pt-pt\/wp-json\/wp\/v2\/product_cat?post=72729"},{"taxonomy":"product_tag","embeddable":true,"href":"https:\/\/dev.mivv.com\/pt-pt\/wp-json\/wp\/v2\/product_tag?post=72729"}],"curies":[{"name":"wp","href":"https:\/\/api.w.org\/{rel}","templated":true}]}}