{"id":73120,"date":"2026-04-15T18:23:41","date_gmt":"2026-04-15T16:23:41","guid":{"rendered":"https:\/\/dev.mivv.com\/scarico-moto\/s-048-sdgx-suzuki-gsx-s-750-2017-2020\/"},"modified":"2026-04-15T18:23:41","modified_gmt":"2026-04-15T16:23:41","slug":"s-048-sdgx-suzuki-gsx-s-750-2017-2020","status":"publish","type":"product","link":"https:\/\/dev.mivv.com\/pt-pt\/product\/s-048-sdgx-suzuki-gsx-s-750-2017-2020\/","title":{"rendered":"S.048.SDGX\u2013 SUZUKI GSX-S 750 2017 > 2020"},"content":{"rendered":"<p>Concebidos para melhorar a <strong>est\u00e9tica, som e desempenho<\/strong> da moto, os Escapes mont\u00e1veis da Mivv s\u00e3o o resultado da m\u00e1xima aten\u00e7\u00e3o ao design, com o objetivo de satisfazer aqueles que se querem <strong>distinguir<\/strong> pelo <strong>aspeto<\/strong> das suas motos.<\/p>\n<p>DOUBLE GUN \u00e9 um produto extremamente\u00a0<strong>ligeiro<\/strong> com um minimalista. Agressivo e\u00a0extremamente <strong>curto<\/strong>, \u00e9 totalmente realizado em <strong>a\u00e7o inox<\/strong> com um <strong>look<\/strong> efeito <strong>\u201cpearled\u201d<\/strong>, obtido gra\u00e7as a uuma processo de acabamento especial.<\/p>\n","protected":false},"excerpt":{"rendered":"<p>N\u00c3O APROVADO<\/p>\n","protected":false},"featured_media":63626,"template":"","meta":{"_acf_changed":false},"product_brand":[21293,21292,21211],"product_cat":[705],"product_tag":[],"class_list":{"0":"post-73120","1":"product","2":"type-product","3":"status-publish","4":"has-post-thumbnail","6":"product_brand-2017-gsx-s-750","7":"product_brand-gsx-s-750","8":"product_brand-suzuki","9":"product_cat-slip-on","11":"first","12":"instock","13":"shipping-taxable","14":"product-type-simple"},"acf":[],"_links":{"self":[{"href":"https:\/\/dev.mivv.com\/pt-pt\/wp-json\/wp\/v2\/product\/73120","targetHints":{"allow":["GET"]}}],"collection":[{"href":"https:\/\/dev.mivv.com\/pt-pt\/wp-json\/wp\/v2\/product"}],"about":[{"href":"https:\/\/dev.mivv.com\/pt-pt\/wp-json\/wp\/v2\/types\/product"}],"wp:featuredmedia":[{"embeddable":true,"href":"https:\/\/dev.mivv.com\/pt-pt\/wp-json\/wp\/v2\/media\/63626"}],"wp:attachment":[{"href":"https:\/\/dev.mivv.com\/pt-pt\/wp-json\/wp\/v2\/media?parent=73120"}],"wp:term":[{"taxonomy":"product_brand","embeddable":true,"href":"https:\/\/dev.mivv.com\/pt-pt\/wp-json\/wp\/v2\/product_brand?post=73120"},{"taxonomy":"product_cat","embeddable":true,"href":"https:\/\/dev.mivv.com\/pt-pt\/wp-json\/wp\/v2\/product_cat?post=73120"},{"taxonomy":"product_tag","embeddable":true,"href":"https:\/\/dev.mivv.com\/pt-pt\/wp-json\/wp\/v2\/product_tag?post=73120"}],"curies":[{"name":"wp","href":"https:\/\/api.w.org\/{rel}","templated":true}]}}