{"id":74250,"date":"2026-04-15T18:28:31","date_gmt":"2026-04-15T16:28:31","guid":{"rendered":"https:\/\/dev.mivv.com\/scarico-moto\/o-010-lvc-kymco-xciting-400i-2013-2018\/"},"modified":"2026-04-15T18:28:31","modified_gmt":"2026-04-15T16:28:31","slug":"o-010-lvc-kymco-xciting-400i-2013-2018","status":"publish","type":"product","link":"https:\/\/dev.mivv.com\/pt-pt\/product\/o-010-lvc-kymco-xciting-400i-2013-2018\/","title":{"rendered":"O.010.LVC &#8211; KYMCO XCITING 400i 2013 > 2018"},"content":{"rendered":"<p>Concebidos para melhorar a <strong>est\u00e9tica, som e desempenho<\/strong> da moto, os Escapes mont\u00e1veis da Mivv s\u00e3o o resultado da m\u00e1xima aten\u00e7\u00e3o ao design, com o objetivo de satisfazer aqueles que se querem <strong>distinguir<\/strong> pelo <strong>aspeto<\/strong> das suas motos.<\/p>\n<p>O escape OVAL \u00e9 perfeitamente adequado para todos os tipos de motos. Com a m\u00e1xima aten\u00e7\u00e3o aos detalhes, esta gama \u00e9 o melhor compromisso entre o <strong>visual<\/strong> e o <strong>desempenho<\/strong>. <\/p>\n<p>\u00c9 caraterizado por um corpo central em a\u00e7o inoxid\u00e1vel <strong>preto<\/strong> com efeito <strong>\u201cBlack Moon\u201d<\/strong>, obtido gra\u00e7as a um processo de pintura especial de base cer\u00e2mica que confere ao produto um <strong>aspeto<\/strong> mais <strong>agressivo<\/strong><\/p>\n","protected":false},"excerpt":{"rendered":"<p>Concebidos para melhorar a est\u00e9tica, som e desempenho da moto, os Escapes mont\u00e1veis da Mivv s\u00e3o o resultado da m\u00e1xima aten\u00e7\u00e3o ao design, com o objetivo de satisfazer aqueles que se querem distinguir pelo aspeto das suas motos. O escape OVAL \u00e9 perfeitamente adequado para todos os tipos de motos. Com a m\u00e1xima aten\u00e7\u00e3o aos [&hellip;]<\/p>\n","protected":false},"featured_media":62926,"template":"","meta":{"_acf_changed":false},"product_brand":[21091,21053,21089],"product_cat":[705],"product_tag":[],"class_list":{"0":"post-74250","1":"product","2":"type-product","3":"status-publish","4":"has-post-thumbnail","6":"product_brand-2013-2018-xciting-400i","7":"product_brand-kymco","8":"product_brand-xciting-400i","9":"product_cat-slip-on","11":"first","12":"instock","13":"shipping-taxable","14":"product-type-simple"},"acf":[],"_links":{"self":[{"href":"https:\/\/dev.mivv.com\/pt-pt\/wp-json\/wp\/v2\/product\/74250","targetHints":{"allow":["GET"]}}],"collection":[{"href":"https:\/\/dev.mivv.com\/pt-pt\/wp-json\/wp\/v2\/product"}],"about":[{"href":"https:\/\/dev.mivv.com\/pt-pt\/wp-json\/wp\/v2\/types\/product"}],"wp:featuredmedia":[{"embeddable":true,"href":"https:\/\/dev.mivv.com\/pt-pt\/wp-json\/wp\/v2\/media\/62926"}],"wp:attachment":[{"href":"https:\/\/dev.mivv.com\/pt-pt\/wp-json\/wp\/v2\/media?parent=74250"}],"wp:term":[{"taxonomy":"product_brand","embeddable":true,"href":"https:\/\/dev.mivv.com\/pt-pt\/wp-json\/wp\/v2\/product_brand?post=74250"},{"taxonomy":"product_cat","embeddable":true,"href":"https:\/\/dev.mivv.com\/pt-pt\/wp-json\/wp\/v2\/product_cat?post=74250"},{"taxonomy":"product_tag","embeddable":true,"href":"https:\/\/dev.mivv.com\/pt-pt\/wp-json\/wp\/v2\/product_tag?post=74250"}],"curies":[{"name":"wp","href":"https:\/\/api.w.org\/{rel}","templated":true}]}}