{"id":74877,"date":"2026-04-15T18:31:09","date_gmt":"2026-04-15T16:31:09","guid":{"rendered":"https:\/\/dev.mivv.com\/scarico-moto\/k-045-ldgb-kawasaki-z-900-2017-2019\/"},"modified":"2026-04-15T18:31:09","modified_gmt":"2026-04-15T16:31:09","slug":"k-045-ldgb-kawasaki-z-900-2017-2019","status":"publish","type":"product","link":"https:\/\/dev.mivv.com\/pt-pt\/product\/k-045-ldgb-kawasaki-z-900-2017-2019\/","title":{"rendered":"K.045.LDGB &#8211; KAWASAKI Z 900 2017 > 2019"},"content":{"rendered":"<p>Concebidos para melhorar a <strong>est\u00e9tica, som e desempenho<\/strong> da moto, os Escapes mont\u00e1veis da Mivv s\u00e3o o resultado da m\u00e1xima aten\u00e7\u00e3o ao design, com o objetivo de satisfazer aqueles que se querem <strong>distinguir<\/strong> pelo <strong>aspeto<\/strong> das suas motos.<\/p>\n<p>Black DOUBLE GUN \u00e9 um <strong>produto muito leve<\/strong>, essencial e cheio de personalidade. Agressivo e muito <strong>curto<\/strong>, \u00e9 inteiramente feito de a\u00e7o inoxid\u00e1vel preto com efeito <strong>&#8220;Black Moon&#8221;<\/strong>, obtido gra\u00e7as a um processo especial de pintura \u00e0 base de cer\u00e2mica que confere ao produto um <strong>aspeto mais agressivo<\/strong>.<\/p>\n","protected":false},"excerpt":{"rendered":"<p>Concebidos para melhorar a est\u00e9tica, som e desempenho da moto, os Escapes mont\u00e1veis da Mivv s\u00e3o o resultado da m\u00e1xima aten\u00e7\u00e3o ao design, com o objetivo de satisfazer aqueles que se querem distinguir pelo aspeto das suas motos. Black DOUBLE GUN \u00e9 um produto muito leve, essencial e cheio de personalidade. Agressivo e muito curto, [&hellip;]<\/p>\n","protected":false},"featured_media":63077,"template":"","meta":{"_acf_changed":false},"product_brand":[20930,20862,20929],"product_cat":[705],"product_tag":[],"class_list":{"0":"post-74877","1":"product","2":"type-product","3":"status-publish","4":"has-post-thumbnail","6":"product_brand-2017-2019-z-900","7":"product_brand-kawasaki","8":"product_brand-z-900","9":"product_cat-slip-on","11":"first","12":"instock","13":"shipping-taxable","14":"product-type-simple"},"acf":[],"_links":{"self":[{"href":"https:\/\/dev.mivv.com\/pt-pt\/wp-json\/wp\/v2\/product\/74877","targetHints":{"allow":["GET"]}}],"collection":[{"href":"https:\/\/dev.mivv.com\/pt-pt\/wp-json\/wp\/v2\/product"}],"about":[{"href":"https:\/\/dev.mivv.com\/pt-pt\/wp-json\/wp\/v2\/types\/product"}],"wp:featuredmedia":[{"embeddable":true,"href":"https:\/\/dev.mivv.com\/pt-pt\/wp-json\/wp\/v2\/media\/63077"}],"wp:attachment":[{"href":"https:\/\/dev.mivv.com\/pt-pt\/wp-json\/wp\/v2\/media?parent=74877"}],"wp:term":[{"taxonomy":"product_brand","embeddable":true,"href":"https:\/\/dev.mivv.com\/pt-pt\/wp-json\/wp\/v2\/product_brand?post=74877"},{"taxonomy":"product_cat","embeddable":true,"href":"https:\/\/dev.mivv.com\/pt-pt\/wp-json\/wp\/v2\/product_cat?post=74877"},{"taxonomy":"product_tag","embeddable":true,"href":"https:\/\/dev.mivv.com\/pt-pt\/wp-json\/wp\/v2\/product_tag?post=74877"}],"curies":[{"name":"wp","href":"https:\/\/api.w.org\/{rel}","templated":true}]}}