{"id":75087,"date":"2026-04-15T18:32:08","date_gmt":"2026-04-15T16:32:08","guid":{"rendered":"https:\/\/dev.mivv.com\/scarico-moto\/k-047-c1-kawasaki-z-400-2019-2020\/"},"modified":"2026-04-15T18:32:08","modified_gmt":"2026-04-15T16:32:08","slug":"k-047-c1-kawasaki-z-400-2019-2020","status":"publish","type":"product","link":"https:\/\/dev.mivv.com\/pt-pt\/product\/k-047-c1-kawasaki-z-400-2019-2020\/","title":{"rendered":"K.047.C1 \u2013 KAWASAKI Z 400 2019> 2020"},"content":{"rendered":"<p>Os tubos Dekat de a\u00e7o inoxid\u00e1vel opcionais oferecem uma melhoria de <strong>desempenho<\/strong>, particularmente quando utilizados em conjunto com o silenciador mont\u00e1vel da Mivv. Este produto <strong>melhora<\/strong> a sua moto com <strong>um melhor aspeto<\/strong> e um <strong>som \u00fanico<\/strong>. Este produto <strong>n\u00e3o est\u00e1 aprovado<\/strong> de acordo com os regulamentos atuais para utiliza\u00e7\u00e3o de motos na estrada.<\/p>\n","protected":false},"excerpt":{"rendered":"<p>Os tubos Dekat de a\u00e7o inoxid\u00e1vel opcionais oferecem uma melhoria de desempenho, particularmente quando utilizados em conjunto com o silenciador mont\u00e1vel da Mivv. Este produto melhora a sua moto com um melhor aspeto e um som \u00fanico. Este produto n\u00e3o est\u00e1 aprovado de acordo com os regulamentos atuais para utiliza\u00e7\u00e3o de motos na estrada.<\/p>\n","protected":false},"featured_media":30081,"template":"","meta":{"_acf_changed":false},"product_brand":[20923,20862,20922],"product_cat":[21526],"product_tag":[],"class_list":{"0":"post-75087","1":"product","2":"type-product","3":"status-publish","4":"has-post-thumbnail","6":"product_brand-2019-2020-z-400","7":"product_brand-kawasaki","8":"product_brand-z-400","9":"product_cat-tubo-de-remocao-de-cat","11":"first","12":"instock","13":"shipping-taxable","14":"product-type-simple"},"acf":[],"_links":{"self":[{"href":"https:\/\/dev.mivv.com\/pt-pt\/wp-json\/wp\/v2\/product\/75087","targetHints":{"allow":["GET"]}}],"collection":[{"href":"https:\/\/dev.mivv.com\/pt-pt\/wp-json\/wp\/v2\/product"}],"about":[{"href":"https:\/\/dev.mivv.com\/pt-pt\/wp-json\/wp\/v2\/types\/product"}],"wp:featuredmedia":[{"embeddable":true,"href":"https:\/\/dev.mivv.com\/pt-pt\/wp-json\/wp\/v2\/media\/30081"}],"wp:attachment":[{"href":"https:\/\/dev.mivv.com\/pt-pt\/wp-json\/wp\/v2\/media?parent=75087"}],"wp:term":[{"taxonomy":"product_brand","embeddable":true,"href":"https:\/\/dev.mivv.com\/pt-pt\/wp-json\/wp\/v2\/product_brand?post=75087"},{"taxonomy":"product_cat","embeddable":true,"href":"https:\/\/dev.mivv.com\/pt-pt\/wp-json\/wp\/v2\/product_cat?post=75087"},{"taxonomy":"product_tag","embeddable":true,"href":"https:\/\/dev.mivv.com\/pt-pt\/wp-json\/wp\/v2\/product_tag?post=75087"}],"curies":[{"name":"wp","href":"https:\/\/api.w.org\/{rel}","templated":true}]}}