{"id":77504,"date":"2026-04-15T18:41:30","date_gmt":"2026-04-15T16:41:30","guid":{"rendered":"https:\/\/dev.mivv.com\/scarico-moto\/sy-002-lrx-sym-maxsym-tl-500-2019-2020\/"},"modified":"2026-04-15T18:41:30","modified_gmt":"2026-04-15T16:41:30","slug":"sy-002-lrx-sym-maxsym-tl-500-2019-2020","status":"publish","type":"product","link":"https:\/\/dev.mivv.com\/pt-pt\/product\/sy-002-lrx-sym-maxsym-tl-500-2019-2020\/","title":{"rendered":"SY.002.LRX \u2013 SYM MAXSYM TL 500 2019 > 2020"},"content":{"rendered":"<p>Os escapes Mivv para scooters t\u00eam como objetivo melhorar o <strong>som<\/strong> e o <strong>desempenho<\/strong>, bem como o <strong>aspeto<\/strong> das pr\u00f3prias scooters. Uma mistura perfeita para uma scooter completamente <strong>especial<\/strong>.<\/p>\n<p><strong>Design moderno<\/strong> e excelente desempenho s\u00e3o as principais caracter\u00edsticas do escape SPEED EDGE, que combina tamb\u00e9m um som <strong>distintamente desportivo<\/strong>.<\/p>\n<p>Com um corpo em <strong>a\u00e7o inoxid\u00e1vel escovado<\/strong> com tampa de <strong>carbono<\/strong> e cinta de fixa\u00e7\u00e3o, este escape tem uma forma <strong>hexagonal<\/strong>.<\/p>\n","protected":false},"excerpt":{"rendered":"<p>Os escapes Mivv para scooters t\u00eam como objetivo melhorar o som e o desempenho, bem como o aspeto das pr\u00f3prias scooters. Uma mistura perfeita para uma scooter completamente especial. Design moderno e excelente desempenho s\u00e3o as principais caracter\u00edsticas do escape SPEED EDGE, que combina tamb\u00e9m um som distintamente desportivo. Com um corpo em a\u00e7o inoxid\u00e1vel [&hellip;]<\/p>\n","protected":false},"featured_media":63230,"template":"","meta":{"_acf_changed":false},"product_brand":[21334,21333,21330],"product_cat":[19573],"product_tag":[],"class_list":{"0":"post-77504","1":"product","2":"type-product","3":"status-publish","4":"has-post-thumbnail","6":"product_brand-2019-maxsym-500-tl","7":"product_brand-maxsym-tl-500","8":"product_brand-sym","9":"product_cat-planta-completa","11":"first","12":"instock","13":"shipping-taxable","14":"product-type-simple"},"acf":[],"_links":{"self":[{"href":"https:\/\/dev.mivv.com\/pt-pt\/wp-json\/wp\/v2\/product\/77504","targetHints":{"allow":["GET"]}}],"collection":[{"href":"https:\/\/dev.mivv.com\/pt-pt\/wp-json\/wp\/v2\/product"}],"about":[{"href":"https:\/\/dev.mivv.com\/pt-pt\/wp-json\/wp\/v2\/types\/product"}],"wp:featuredmedia":[{"embeddable":true,"href":"https:\/\/dev.mivv.com\/pt-pt\/wp-json\/wp\/v2\/media\/63230"}],"wp:attachment":[{"href":"https:\/\/dev.mivv.com\/pt-pt\/wp-json\/wp\/v2\/media?parent=77504"}],"wp:term":[{"taxonomy":"product_brand","embeddable":true,"href":"https:\/\/dev.mivv.com\/pt-pt\/wp-json\/wp\/v2\/product_brand?post=77504"},{"taxonomy":"product_cat","embeddable":true,"href":"https:\/\/dev.mivv.com\/pt-pt\/wp-json\/wp\/v2\/product_cat?post=77504"},{"taxonomy":"product_tag","embeddable":true,"href":"https:\/\/dev.mivv.com\/pt-pt\/wp-json\/wp\/v2\/product_tag?post=77504"}],"curies":[{"name":"wp","href":"https:\/\/api.w.org\/{rel}","templated":true}]}}