{"id":77519,"date":"2026-04-15T18:41:32","date_gmt":"2026-04-15T16:41:32","guid":{"rendered":"https:\/\/dev.mivv.com\/scarico-moto\/sy-002-lrb-sym-maxsym-tl-500-2019-2020\/"},"modified":"2026-04-15T18:41:32","modified_gmt":"2026-04-15T16:41:32","slug":"sy-002-lrb-sym-maxsym-tl-500-2019-2020","status":"publish","type":"product","link":"https:\/\/dev.mivv.com\/pt-pt\/product\/sy-002-lrb-sym-maxsym-tl-500-2019-2020\/","title":{"rendered":"SY.002.LRB \u2013 SYM MAXSYM TL 500  2019 > 2020"},"content":{"rendered":"<p>Concebidos para melhorar a <strong>est\u00e9tica, som e desempenho<\/strong> da moto, os Escapes mont\u00e1veis da Mivv s\u00e3o o resultado da m\u00e1xima aten\u00e7\u00e3o ao design, com o objetivo de satisfazer aqueles que se querem <strong>distinguir<\/strong> pelo <strong>aspeto<\/strong> das suas motos.<\/p>\n<p><strong>Design moderno<\/strong> e excelente desempenho s\u00e3o as principais caracter\u00edsticas do escape SPEED EDGE, que combina tamb\u00e9m um som <strong>distintamente desportivo<\/strong>.<\/p>\n<p>O escape Speed Edge Black confere \u00e0 scooter um <strong>aspeto<\/strong> mais <strong>agressivo<\/strong>, gra\u00e7as \u00e0 utiliza\u00e7\u00e3o de uma tampa de <strong>carbono<\/strong> e garantindo um habitual <strong>sound racing<\/strong>. O corpo \u00e9 feito em a\u00e7o <strong>inoxid\u00e1vel preto<\/strong> com efeito <strong>\u201cBlack Moon\u201d<\/strong>, obtido gra\u00e7as a um processo de pintura especial de base cer\u00e2mica. Com uma forma <strong>hexagonal<\/strong>.<\/p>\n","protected":false},"excerpt":{"rendered":"<p>Concebidos para melhorar a est\u00e9tica, som e desempenho da moto, os Escapes mont\u00e1veis da Mivv s\u00e3o o resultado da m\u00e1xima aten\u00e7\u00e3o ao design, com o objetivo de satisfazer aqueles que se querem distinguir pelo aspeto das suas motos. Design moderno e excelente desempenho s\u00e3o as principais caracter\u00edsticas do escape SPEED EDGE, que combina tamb\u00e9m um [&hellip;]<\/p>\n","protected":false},"featured_media":62659,"template":"","meta":{"_acf_changed":false},"product_brand":[21334,21333,21330],"product_cat":[19573],"product_tag":[],"class_list":{"0":"post-77519","1":"product","2":"type-product","3":"status-publish","4":"has-post-thumbnail","6":"product_brand-2019-maxsym-500-tl","7":"product_brand-maxsym-tl-500","8":"product_brand-sym","9":"product_cat-planta-completa","11":"first","12":"instock","13":"shipping-taxable","14":"product-type-simple"},"acf":[],"_links":{"self":[{"href":"https:\/\/dev.mivv.com\/pt-pt\/wp-json\/wp\/v2\/product\/77519","targetHints":{"allow":["GET"]}}],"collection":[{"href":"https:\/\/dev.mivv.com\/pt-pt\/wp-json\/wp\/v2\/product"}],"about":[{"href":"https:\/\/dev.mivv.com\/pt-pt\/wp-json\/wp\/v2\/types\/product"}],"wp:featuredmedia":[{"embeddable":true,"href":"https:\/\/dev.mivv.com\/pt-pt\/wp-json\/wp\/v2\/media\/62659"}],"wp:attachment":[{"href":"https:\/\/dev.mivv.com\/pt-pt\/wp-json\/wp\/v2\/media?parent=77519"}],"wp:term":[{"taxonomy":"product_brand","embeddable":true,"href":"https:\/\/dev.mivv.com\/pt-pt\/wp-json\/wp\/v2\/product_brand?post=77519"},{"taxonomy":"product_cat","embeddable":true,"href":"https:\/\/dev.mivv.com\/pt-pt\/wp-json\/wp\/v2\/product_cat?post=77519"},{"taxonomy":"product_tag","embeddable":true,"href":"https:\/\/dev.mivv.com\/pt-pt\/wp-json\/wp\/v2\/product_tag?post=77519"}],"curies":[{"name":"wp","href":"https:\/\/api.w.org\/{rel}","templated":true}]}}