{"id":78073,"date":"2026-04-15T18:44:10","date_gmt":"2026-04-15T16:44:10","guid":{"rendered":"https:\/\/dev.mivv.com\/scarico-moto\/v-003-lhb-mv-agusta-brutale-800-rr-2017-2024\/"},"modified":"2026-04-15T18:44:10","modified_gmt":"2026-04-15T16:44:10","slug":"v-003-lhb-mv-agusta-brutale-800-rr-2017-2024","status":"publish","type":"product","link":"https:\/\/dev.mivv.com\/pt-pt\/product\/v-003-lhb-mv-agusta-brutale-800-rr-2017-2024\/","title":{"rendered":"V.003.LHB &#8211; MV AGUSTA BRUTALE 800 RR 2017 > 2024"},"content":{"rendered":"<p>Concebidos para melhorar a <strong>est\u00e9tica, som e desempenho<\/strong> da moto, os Escapes mont\u00e1veis da Mivv s\u00e3o o resultado da m\u00e1xima aten\u00e7\u00e3o ao design, com o objetivo de satisfazer aqueles que se querem <strong>distinguir<\/strong> pelo <strong>aspeto<\/strong> das suas motos.<\/p>\n<p><strong>Design moderno<\/strong> e excelente desempenho s\u00e3o as principais caracter\u00edsticas do escape SPEED EDGE, que combina tamb\u00e9m um som <strong>distintamente desportivo<\/strong>.<\/p>\n<p>O escape BRUTALE tem uma sa\u00edda de a\u00e7o inoxid\u00e1vel com 3 tubos <strong>&#8220;slush cut&#8221;<\/strong> com uma <strong>rede<\/strong> de prote\u00e7\u00e3o <strong>remov\u00edvel<\/strong>. O Sistema de escape tem um acabamento <strong>natural<\/strong> com efeito <strong>&#8220;pearled&#8221;<\/strong>, obtido gra\u00e7as a um processo especial de acabamento que confere ao produto um <strong>aspeto incompar\u00e1vel.<\/strong><\/p>\n","protected":false},"excerpt":{"rendered":"<p>No-kat (se encaixa tanto com silenciadores MIVV quanto com o original). A instala\u00e7\u00e3o deste escapamento requer remapeamento da ECU. Para obter mais informa\u00e7\u00f5es, leia as informa\u00e7\u00f5es t\u00e9cnicas na caixa de documenta\u00e7\u00e3o.<\/p>\n","protected":false},"featured_media":39283,"template":"","meta":{"_acf_changed":false},"product_brand":[21132,21131,21130],"product_cat":[705],"product_tag":[],"class_list":{"0":"post-78073","1":"product","2":"type-product","3":"status-publish","4":"has-post-thumbnail","6":"product_brand-2017-brutale-800-rr","7":"product_brand-brutale-800-rr","8":"product_brand-mv-agusta","9":"product_cat-slip-on","11":"first","12":"instock","13":"shipping-taxable","14":"product-type-simple"},"acf":[],"_links":{"self":[{"href":"https:\/\/dev.mivv.com\/pt-pt\/wp-json\/wp\/v2\/product\/78073","targetHints":{"allow":["GET"]}}],"collection":[{"href":"https:\/\/dev.mivv.com\/pt-pt\/wp-json\/wp\/v2\/product"}],"about":[{"href":"https:\/\/dev.mivv.com\/pt-pt\/wp-json\/wp\/v2\/types\/product"}],"wp:featuredmedia":[{"embeddable":true,"href":"https:\/\/dev.mivv.com\/pt-pt\/wp-json\/wp\/v2\/media\/39283"}],"wp:attachment":[{"href":"https:\/\/dev.mivv.com\/pt-pt\/wp-json\/wp\/v2\/media?parent=78073"}],"wp:term":[{"taxonomy":"product_brand","embeddable":true,"href":"https:\/\/dev.mivv.com\/pt-pt\/wp-json\/wp\/v2\/product_brand?post=78073"},{"taxonomy":"product_cat","embeddable":true,"href":"https:\/\/dev.mivv.com\/pt-pt\/wp-json\/wp\/v2\/product_cat?post=78073"},{"taxonomy":"product_tag","embeddable":true,"href":"https:\/\/dev.mivv.com\/pt-pt\/wp-json\/wp\/v2\/product_tag?post=78073"}],"curies":[{"name":"wp","href":"https:\/\/api.w.org\/{rel}","templated":true}]}}