{"id":78377,"date":"2026-04-15T18:45:18","date_gmt":"2026-04-15T16:45:18","guid":{"rendered":"https:\/\/dev.mivv.com\/scarico-moto\/y-061-lr1xb-yamaha-t-max-560-2020-2021\/"},"modified":"2026-04-15T18:45:18","modified_gmt":"2026-04-15T16:45:18","slug":"y-061-lr1xb-yamaha-t-max-560-2020-2021","status":"publish","type":"product","link":"https:\/\/dev.mivv.com\/pt-pt\/product\/y-061-lr1xb-yamaha-t-max-560-2020-2021\/","title":{"rendered":"Y.061.LR1XB- YAMAHA T-MAX 560 2020 > 2021"},"content":{"rendered":"<p>Os escapes Mivv para scooters t\u00eam como objetivo melhorar o <strong>som<\/strong> e o <strong>desempenho<\/strong>, bem como o <strong>aspeto<\/strong> das pr\u00f3prias scooters. Uma mistura perfeita para uma scooter completamente <strong>especial<\/strong>.<\/p>\n","protected":false},"excerpt":{"rendered":"<p>EURO 5 APROVADO SOMENTE COM O CATALISADOR ACC.045.A1 INSTALADO. Para melhorar o desempenho, recomendamos remapear a unidade de controle.Para obter mais informa\u00e7\u00f5es, leia as informa\u00e7\u00f5es t\u00e9cnicas na caixa de documenta\u00e7\u00e3o.<\/p>\n","protected":false},"featured_media":45823,"template":"","meta":{"_acf_changed":false},"product_brand":[21428,21427,21384],"product_cat":[19573],"product_tag":[],"class_list":{"0":"post-78377","1":"product","2":"type-product","3":"status-publish","4":"has-post-thumbnail","6":"product_brand-2020-t-max-560","7":"product_brand-t-max-560","8":"product_brand-yamaha","9":"product_cat-planta-completa","11":"first","12":"instock","13":"shipping-taxable","14":"product-type-simple"},"acf":[],"_links":{"self":[{"href":"https:\/\/dev.mivv.com\/pt-pt\/wp-json\/wp\/v2\/product\/78377","targetHints":{"allow":["GET"]}}],"collection":[{"href":"https:\/\/dev.mivv.com\/pt-pt\/wp-json\/wp\/v2\/product"}],"about":[{"href":"https:\/\/dev.mivv.com\/pt-pt\/wp-json\/wp\/v2\/types\/product"}],"wp:featuredmedia":[{"embeddable":true,"href":"https:\/\/dev.mivv.com\/pt-pt\/wp-json\/wp\/v2\/media\/45823"}],"wp:attachment":[{"href":"https:\/\/dev.mivv.com\/pt-pt\/wp-json\/wp\/v2\/media?parent=78377"}],"wp:term":[{"taxonomy":"product_brand","embeddable":true,"href":"https:\/\/dev.mivv.com\/pt-pt\/wp-json\/wp\/v2\/product_brand?post=78377"},{"taxonomy":"product_cat","embeddable":true,"href":"https:\/\/dev.mivv.com\/pt-pt\/wp-json\/wp\/v2\/product_cat?post=78377"},{"taxonomy":"product_tag","embeddable":true,"href":"https:\/\/dev.mivv.com\/pt-pt\/wp-json\/wp\/v2\/product_tag?post=78377"}],"curies":[{"name":"wp","href":"https:\/\/api.w.org\/{rel}","templated":true}]}}