{"id":78944,"date":"2026-04-15T18:47:32","date_gmt":"2026-04-15T16:47:32","guid":{"rendered":"https:\/\/dev.mivv.com\/scarico-moto\/kt-026-lc5t-ktm-1290-superduke-r-2020-2023\/"},"modified":"2026-04-15T18:47:32","modified_gmt":"2026-04-15T16:47:32","slug":"kt-026-lc5t-ktm-1290-superduke-r-2020-2023","status":"publish","type":"product","link":"https:\/\/dev.mivv.com\/pt-pt\/product\/kt-026-lc5t-ktm-1290-superduke-r-2020-2023\/","title":{"rendered":"KT.026.LC5T- KTM 1290 SUPERDUKE R 2020 > 2023"},"content":{"rendered":"<p>Concebidos para melhorar a <strong>est\u00e9tica, som e desempenho<\/strong> da moto, os Escapes mont\u00e1veis da Mivv s\u00e3o o resultado da m\u00e1xima aten\u00e7\u00e3o ao design, com o objetivo de satisfazer aqueles que se querem <strong>distinguir<\/strong> pelo <strong>aspeto<\/strong> das suas motos.<\/p>\n<p>A linha Mivv <strong>X-M5<\/strong> fruto da experi\u00eancia adquirida nos Campeonatos Mundiais de <strong>MotoGP, Moto2<\/strong> e <strong>Moto3<\/strong>, \u00e9 a s\u00edntese perfeita entre <strong>estilo de corrida<\/strong> e <strong>desempenho<\/strong>. Com um <strong>design<\/strong> inspirado nos escapes feitos para o Campeonato Mundial de motociclismo, o silenciador <strong>X-M5<\/strong> tem uma forma <strong>c\u00f3nica<\/strong> e dimens\u00f5es <strong>compactas<\/strong> capazes de libertar o cativante <strong>som<\/strong> MIVV.<\/p>\n<p>Est\u00e1 equipado com um suporte de <strong>carbono<\/strong> twill 3K e est\u00e1 equipado com uma <strong>grade de prote\u00e7\u00e3o remov\u00edvel<\/strong> que esconde o dB-killer.<\/p>\n<p>A vers\u00e3o de <strong>Tit\u00e2nio<\/strong> apresenta um corpo central de Tit\u00e2nio Lento de Classe 1 com um efeito de <strong>&#8220;p\u00e9rola&#8221;<\/strong> obtido gra\u00e7as a um processo de acabamento especial. \u00c9 a vers\u00e3o perfeita para conseguir <strong>reduzir o peso<\/strong> significativamente.<\/p>\n<p><strong>X-M5 puro estilo italiano<\/strong><\/p>\n","protected":false},"excerpt":{"rendered":"<p>Para melhorar o desempenho, recomendamos remapear a unidade de controle.Para obter mais informa\u00e7\u00f5es, leia as informa\u00e7\u00f5es t\u00e9cnicas na caixa de documenta\u00e7\u00e3o.<\/p>\n","protected":false},"featured_media":64987,"template":"","meta":{"_acf_changed":false},"product_brand":[20992,20993,20972],"product_cat":[705],"product_tag":[],"class_list":{"0":"post-78944","1":"product","2":"type-product","3":"status-publish","4":"has-post-thumbnail","6":"product_brand-1290-superduke-r","7":"product_brand-2020-1290-superduke-r","8":"product_brand-ktm","9":"product_cat-slip-on","11":"first","12":"instock","13":"shipping-taxable","14":"product-type-simple"},"acf":[],"_links":{"self":[{"href":"https:\/\/dev.mivv.com\/pt-pt\/wp-json\/wp\/v2\/product\/78944","targetHints":{"allow":["GET"]}}],"collection":[{"href":"https:\/\/dev.mivv.com\/pt-pt\/wp-json\/wp\/v2\/product"}],"about":[{"href":"https:\/\/dev.mivv.com\/pt-pt\/wp-json\/wp\/v2\/types\/product"}],"wp:featuredmedia":[{"embeddable":true,"href":"https:\/\/dev.mivv.com\/pt-pt\/wp-json\/wp\/v2\/media\/64987"}],"wp:attachment":[{"href":"https:\/\/dev.mivv.com\/pt-pt\/wp-json\/wp\/v2\/media?parent=78944"}],"wp:term":[{"taxonomy":"product_brand","embeddable":true,"href":"https:\/\/dev.mivv.com\/pt-pt\/wp-json\/wp\/v2\/product_brand?post=78944"},{"taxonomy":"product_cat","embeddable":true,"href":"https:\/\/dev.mivv.com\/pt-pt\/wp-json\/wp\/v2\/product_cat?post=78944"},{"taxonomy":"product_tag","embeddable":true,"href":"https:\/\/dev.mivv.com\/pt-pt\/wp-json\/wp\/v2\/product_tag?post=78944"}],"curies":[{"name":"wp","href":"https:\/\/api.w.org\/{rel}","templated":true}]}}