{"id":79359,"date":"2026-04-15T18:49:59","date_gmt":"2026-04-15T16:49:59","guid":{"rendered":"https:\/\/dev.mivv.com\/scarico-moto\/k-042-ldrc-kawasaki-zx-10-r-rr-se-2016-2024\/"},"modified":"2026-04-15T18:49:59","modified_gmt":"2026-04-15T16:49:59","slug":"k-042-ldrc-kawasaki-zx-10-r-rr-se-2016-2024","status":"publish","type":"product","link":"https:\/\/dev.mivv.com\/pt-pt\/product\/k-042-ldrc-kawasaki-zx-10-r-rr-se-2016-2024\/","title":{"rendered":"K.042.LDRC \u2013 KAWASAKI ZX-10 R \/ RR \/ SE 2016 > 2024"},"content":{"rendered":"<p>Concebidos para melhorar a <strong>est\u00e9tica, som e desempenho<\/strong> da moto, os Escapes mont\u00e1veis da Mivv s\u00e3o o resultado da m\u00e1xima aten\u00e7\u00e3o ao design, com o objetivo de satisfazer aqueles que se querem <strong>distinguir<\/strong> pelo <strong>aspeto<\/strong> das suas motos.<\/p>\n<p>O escape DELTA RACE apresenta uma <strong>forma exclusiva<\/strong> que, atrav\u00e9s de uma transforma\u00e7\u00e3o gradual, de c\u00f3nico torna-se em <strong>hexagonal<\/strong>. H\u00e1 muitos detalhes que o tornam \u00fanico, como a tampa de carbono sarja 3K; o suporte do per\u00edmetro com <strong>rebitagem dupla<\/strong>, a bucha de entrada especialmente maquinada para oferecer a m\u00e1xima precis\u00e3o no acoplamento. Este escape ostenta a log\u00f3tipo caracter\u00edstico da Mivv criado por tecnologia laser.<\/p>\n<p>Possui um corpo central de <strong>carbono<\/strong> com <strong>acabamento brilhante<\/strong>. \u00c9 o <strong>produto ideal para aqueles que necessitam de um visual e tecnologia de ponta.<\/strong><\/p>\n","protected":false},"excerpt":{"rendered":"<p>Concebidos para melhorar a est\u00e9tica, som e desempenho da moto, os Escapes mont\u00e1veis da Mivv s\u00e3o o resultado da m\u00e1xima aten\u00e7\u00e3o ao design, com o objetivo de satisfazer aqueles que se querem distinguir pelo aspeto das suas motos. O escape DELTA RACE apresenta uma forma exclusiva que, atrav\u00e9s de uma transforma\u00e7\u00e3o gradual, de c\u00f3nico torna-se [&hellip;]<\/p>\n","protected":false},"featured_media":64968,"template":"","meta":{"_acf_changed":false},"product_brand":[20944,20862,20938],"product_cat":[705],"product_tag":[],"class_list":{"0":"post-79359","1":"product","2":"type-product","3":"status-publish","4":"has-post-thumbnail","6":"product_brand-2016-zx-10r-rr-se","7":"product_brand-kawasaki","8":"product_brand-zx-10r-rr-se","9":"product_cat-slip-on","11":"first","12":"instock","13":"shipping-taxable","14":"product-type-simple"},"acf":[],"_links":{"self":[{"href":"https:\/\/dev.mivv.com\/pt-pt\/wp-json\/wp\/v2\/product\/79359","targetHints":{"allow":["GET"]}}],"collection":[{"href":"https:\/\/dev.mivv.com\/pt-pt\/wp-json\/wp\/v2\/product"}],"about":[{"href":"https:\/\/dev.mivv.com\/pt-pt\/wp-json\/wp\/v2\/types\/product"}],"wp:featuredmedia":[{"embeddable":true,"href":"https:\/\/dev.mivv.com\/pt-pt\/wp-json\/wp\/v2\/media\/64968"}],"wp:attachment":[{"href":"https:\/\/dev.mivv.com\/pt-pt\/wp-json\/wp\/v2\/media?parent=79359"}],"wp:term":[{"taxonomy":"product_brand","embeddable":true,"href":"https:\/\/dev.mivv.com\/pt-pt\/wp-json\/wp\/v2\/product_brand?post=79359"},{"taxonomy":"product_cat","embeddable":true,"href":"https:\/\/dev.mivv.com\/pt-pt\/wp-json\/wp\/v2\/product_cat?post=79359"},{"taxonomy":"product_tag","embeddable":true,"href":"https:\/\/dev.mivv.com\/pt-pt\/wp-json\/wp\/v2\/product_tag?post=79359"}],"curies":[{"name":"wp","href":"https:\/\/api.w.org\/{rel}","templated":true}]}}