{"id":79987,"date":"2026-04-15T18:54:21","date_gmt":"2026-04-15T16:54:21","guid":{"rendered":"https:\/\/dev.mivv.com\/scarico-moto\/mm-001-l9-moto-morini-x-cape-2021-2024\/"},"modified":"2026-04-15T18:54:21","modified_gmt":"2026-04-15T16:54:21","slug":"mm-001-l9-moto-morini-x-cape-2021-2024","status":"publish","type":"product","link":"https:\/\/dev.mivv.com\/pt-pt\/product\/mm-001-l9-moto-morini-x-cape-2021-2024\/","title":{"rendered":"MM.001.L9- MOTO MORINI X-CAPE 2021 > 2024"},"content":{"rendered":"<p>Concebidos para melhorar a <strong>est\u00e9tica, som e desempenho<\/strong> da moto, os Escapes mont\u00e1veis da Mivv s\u00e3o o resultado da m\u00e1xima aten\u00e7\u00e3o ao design, com o objetivo de satisfazer aqueles que se querem <strong>distinguir<\/strong> pelo <strong>aspeto<\/strong> das suas motos.<\/p>\n<p>A gama SUONO \u00e9 a <strong>combina\u00e7\u00e3o perfeita<\/strong> de <strong>apar\u00eancia, inova\u00e7\u00e3o e tecnologia<\/strong> aplicada. Para o seu design, escolhemos os <strong>melhores materiais<\/strong> para garantir a <strong>m\u00e1xima leveza<\/strong> ao produto.<\/p>\n<p>Este escape apresenta um corpo central em a\u00e7o inoxid\u00e1vel preto com efeito <strong>&#8220;Black Moon&#8221;<\/strong> escovado, obtido com um processo de colora\u00e7\u00e3o especial que proporciona um aspeto mais <strong>agressivo<\/strong> ao silenciador.<\/p>\n","protected":false},"excerpt":{"rendered":"<p>Compat\u00edvel com sacos laterais originais<\/p>\n","protected":false},"featured_media":62600,"template":"","meta":{"_acf_changed":false},"product_brand":[21129,21125,21128],"product_cat":[705],"product_tag":[],"class_list":{"0":"post-79987","1":"product","2":"type-product","3":"status-publish","4":"has-post-thumbnail","6":"product_brand-2021-2022-x-cape","7":"product_brand-moto-morini","8":"product_brand-x-cape","9":"product_cat-slip-on","11":"first","12":"instock","13":"shipping-taxable","14":"product-type-simple"},"acf":[],"_links":{"self":[{"href":"https:\/\/dev.mivv.com\/pt-pt\/wp-json\/wp\/v2\/product\/79987","targetHints":{"allow":["GET"]}}],"collection":[{"href":"https:\/\/dev.mivv.com\/pt-pt\/wp-json\/wp\/v2\/product"}],"about":[{"href":"https:\/\/dev.mivv.com\/pt-pt\/wp-json\/wp\/v2\/types\/product"}],"wp:featuredmedia":[{"embeddable":true,"href":"https:\/\/dev.mivv.com\/pt-pt\/wp-json\/wp\/v2\/media\/62600"}],"wp:attachment":[{"href":"https:\/\/dev.mivv.com\/pt-pt\/wp-json\/wp\/v2\/media?parent=79987"}],"wp:term":[{"taxonomy":"product_brand","embeddable":true,"href":"https:\/\/dev.mivv.com\/pt-pt\/wp-json\/wp\/v2\/product_brand?post=79987"},{"taxonomy":"product_cat","embeddable":true,"href":"https:\/\/dev.mivv.com\/pt-pt\/wp-json\/wp\/v2\/product_cat?post=79987"},{"taxonomy":"product_tag","embeddable":true,"href":"https:\/\/dev.mivv.com\/pt-pt\/wp-json\/wp\/v2\/product_tag?post=79987"}],"curies":[{"name":"wp","href":"https:\/\/api.w.org\/{rel}","templated":true}]}}