{"id":80106,"date":"2026-04-15T18:55:00","date_gmt":"2026-04-15T16:55:00","guid":{"rendered":"https:\/\/dev.mivv.com\/scarico-moto\/s-059-l6p-suzuki-gsx-s-950-2021-2023\/"},"modified":"2026-04-15T18:55:00","modified_gmt":"2026-04-15T16:55:00","slug":"s-059-l6p-suzuki-gsx-s-950-2021-2023","status":"publish","type":"product","link":"https:\/\/dev.mivv.com\/pt-pt\/product\/s-059-l6p-suzuki-gsx-s-950-2021-2023\/","title":{"rendered":"S.059.L6P &#8211; SUZUKI GSX-S 950 2021 >2023"},"content":{"rendered":"<p>Concebidos para melhorar a <strong>est\u00e9tica, som e desempenho<\/strong> da moto, os Escapes mont\u00e1veis da Mivv s\u00e3o o resultado da m\u00e1xima aten\u00e7\u00e3o ao design, com o objetivo de satisfazer aqueles que se querem <strong>distinguir<\/strong> pelo <strong>aspeto<\/strong> das suas motos.<\/p>\n<p>GP PRO, fabricado por <strong>soldagem TIG semi-manual<\/strong>, mostra um <strong>design compacto e essencial<\/strong> e um <strong>som agressivo<\/strong>. Inspirado no mundo da <strong>competi\u00e7\u00e3o<\/strong>, o tubo de escape est\u00e1 equipado com uma <strong>rede de prote\u00e7\u00e3o remov\u00edvel<\/strong> que esconde redutor de decib\u00e9is. Este silenciador ostenta a log\u00f3tipo caracter\u00edstico da Mivv criado por tecnologia laser.<\/p>\n<p>Apresenta um corpo central de <strong> tit\u00e2nio<\/strong> com efeito de <strong>&#8220;p\u00e9rola&#8221;<\/strong>, obtido com um processo especial de acabamento. \u00c9 o escape ideal para aqueles que querem um <strong> produto exclusivo. <\/strong><\/p>\n","protected":false},"excerpt":{"rendered":"<p>Concebidos para melhorar a est\u00e9tica, som e desempenho da moto, os Escapes mont\u00e1veis da Mivv s\u00e3o o resultado da m\u00e1xima aten\u00e7\u00e3o ao design, com o objetivo de satisfazer aqueles que se querem distinguir pelo aspeto das suas motos. GP PRO, fabricado por soldagem TIG semi-manual, mostra um design compacto e essencial e um som agressivo. [&hellip;]<\/p>\n","protected":false},"featured_media":63762,"template":"","meta":{"_acf_changed":false},"product_brand":[21295,21294,21211],"product_cat":[705],"product_tag":[],"class_list":{"0":"post-80106","1":"product","2":"type-product","3":"status-publish","4":"has-post-thumbnail","6":"product_brand-2021-2022-gsx-s-950","7":"product_brand-gsx-s-950","8":"product_brand-suzuki","9":"product_cat-slip-on","11":"first","12":"instock","13":"shipping-taxable","14":"product-type-simple"},"acf":[],"_links":{"self":[{"href":"https:\/\/dev.mivv.com\/pt-pt\/wp-json\/wp\/v2\/product\/80106","targetHints":{"allow":["GET"]}}],"collection":[{"href":"https:\/\/dev.mivv.com\/pt-pt\/wp-json\/wp\/v2\/product"}],"about":[{"href":"https:\/\/dev.mivv.com\/pt-pt\/wp-json\/wp\/v2\/types\/product"}],"wp:featuredmedia":[{"embeddable":true,"href":"https:\/\/dev.mivv.com\/pt-pt\/wp-json\/wp\/v2\/media\/63762"}],"wp:attachment":[{"href":"https:\/\/dev.mivv.com\/pt-pt\/wp-json\/wp\/v2\/media?parent=80106"}],"wp:term":[{"taxonomy":"product_brand","embeddable":true,"href":"https:\/\/dev.mivv.com\/pt-pt\/wp-json\/wp\/v2\/product_brand?post=80106"},{"taxonomy":"product_cat","embeddable":true,"href":"https:\/\/dev.mivv.com\/pt-pt\/wp-json\/wp\/v2\/product_cat?post=80106"},{"taxonomy":"product_tag","embeddable":true,"href":"https:\/\/dev.mivv.com\/pt-pt\/wp-json\/wp\/v2\/product_tag?post=80106"}],"curies":[{"name":"wp","href":"https:\/\/api.w.org\/{rel}","templated":true}]}}