{"id":80463,"date":"2026-04-15T19:14:10","date_gmt":"2026-04-15T17:14:10","guid":{"rendered":"https:\/\/dev.mivv.com\/scarico-moto\/m-hu-010-c1-husqvarna-701-enduro-supermoto-2021-2024\/"},"modified":"2026-04-15T19:14:10","modified_gmt":"2026-04-15T17:14:10","slug":"m-hu-010-c1-husqvarna-701-enduro-supermoto-2021-2024","status":"publish","type":"product","link":"https:\/\/dev.mivv.com\/pt-pt\/product\/m-hu-010-c1-husqvarna-701-enduro-supermoto-2021-2024\/","title":{"rendered":"M.HU.010.C1 \u2013 HUSQVARNA 701 ENDURO \/ SUPERMOTO 2021 > 2024"},"content":{"rendered":"<p>Este tubo coletor garante o <strong>m\u00e1ximo desempenho<\/strong> quando combinado com a descarga slip on mivv. <\/p>\n<p>Constru\u00eddo em <strong>a\u00e7o inoxid\u00e1vel 304<\/strong>, os di\u00e2metros utilizados  garantem o <strong>m\u00e1ximo desempenho<\/strong> em todas as gamas de rota\u00e7\u00f5es do motor. Tamb\u00e9m inclui uma <strong>power-bomb<\/strong> projetada especificamente para garantir um melhor <strong>desempenho<\/strong> e um melhor <strong>n\u00edvel de som<\/strong>.<\/p>\n<p>Equipado com uma conex\u00e3o de <strong>sonda lambda<\/strong> para qualquer interven\u00e7\u00e3o na eletr\u00f3nica da motocicleta, n\u00e3o inclui o catalisador, se presente no tubo de s\u00e9rie. O coletor Mivv n\u00e3o requer <strong>remapeamentos<\/strong>. O desenvolvimento foi feito <strong>sem fazer quaisquer altera\u00e7\u00f5es<\/strong> na eletr\u00f3nica.<\/p>\n<p>Inclui um <strong>suporte soldado<\/strong> que permite a conex\u00e3o do tubo coletor ao chassi. Este \u00e9 <strong>intercambi\u00e1vel<\/strong> com o tubo de s\u00e9rie.<\/p>\n<p>Este produto s\u00f3 pode ser usado em pista e em percursos fechados. Foi projetado para adaptar-se a uma motocicleta <strong>equipada de s\u00e9rie<\/strong>, assim como entregue pela empresa-m\u00e3e.<\/p>\n","protected":false},"excerpt":{"rendered":"<p>Se encaixa tanto com silenciadores MIVV quanto com o original<\/p>\n","protected":false},"featured_media":29362,"template":"","meta":{"_acf_changed":false},"product_brand":[20854,20852,20851],"product_cat":[21541],"product_tag":[],"class_list":{"0":"post-80463","1":"product","2":"type-product","3":"status-publish","4":"has-post-thumbnail","6":"product_brand-2021-2022-701-enduro-supermoto","7":"product_brand-701-enduro-supermoto","8":"product_brand-husqvarna","9":"product_cat-coletor-corridas","11":"first","12":"instock","13":"shipping-taxable","14":"product-type-simple"},"acf":[],"_links":{"self":[{"href":"https:\/\/dev.mivv.com\/pt-pt\/wp-json\/wp\/v2\/product\/80463","targetHints":{"allow":["GET"]}}],"collection":[{"href":"https:\/\/dev.mivv.com\/pt-pt\/wp-json\/wp\/v2\/product"}],"about":[{"href":"https:\/\/dev.mivv.com\/pt-pt\/wp-json\/wp\/v2\/types\/product"}],"wp:featuredmedia":[{"embeddable":true,"href":"https:\/\/dev.mivv.com\/pt-pt\/wp-json\/wp\/v2\/media\/29362"}],"wp:attachment":[{"href":"https:\/\/dev.mivv.com\/pt-pt\/wp-json\/wp\/v2\/media?parent=80463"}],"wp:term":[{"taxonomy":"product_brand","embeddable":true,"href":"https:\/\/dev.mivv.com\/pt-pt\/wp-json\/wp\/v2\/product_brand?post=80463"},{"taxonomy":"product_cat","embeddable":true,"href":"https:\/\/dev.mivv.com\/pt-pt\/wp-json\/wp\/v2\/product_cat?post=80463"},{"taxonomy":"product_tag","embeddable":true,"href":"https:\/\/dev.mivv.com\/pt-pt\/wp-json\/wp\/v2\/product_tag?post=80463"}],"curies":[{"name":"wp","href":"https:\/\/api.w.org\/{rel}","templated":true}]}}