{"id":80853,"date":"2026-04-15T19:15:58","date_gmt":"2026-04-15T17:15:58","guid":{"rendered":"https:\/\/dev.mivv.com\/scarico-moto\/m-hu-010-lxbc-husqvarna-701-enduro-supermoto-2021-2024\/"},"modified":"2026-04-15T19:15:58","modified_gmt":"2026-04-15T17:15:58","slug":"m-hu-010-lxbc-husqvarna-701-enduro-supermoto-2021-2024","status":"publish","type":"product","link":"https:\/\/dev.mivv.com\/pt-pt\/product\/m-hu-010-lxbc-husqvarna-701-enduro-supermoto-2021-2024\/","title":{"rendered":"M.HU.010.LXBC \u2013 HUSQVARNA 701 ENDURO \/ SUPERMOTO 2021 > 2024"},"content":{"rendered":"<p>Constru\u00eddo com <strong>o melhor layout<\/strong> poss\u00edvel para adaptar-se aos espa\u00e7os dispon\u00edveis na motocicleta, o escape mivv STR-1 foi projetado para garantir o melhor <strong>desempenho, confiabilidade e redu\u00e7\u00e3o de peso<\/strong>.<br \/>\nO escape \u00e9 feito de <strong>a\u00e7o inoxid\u00e1vel<\/strong> aisi 304 e inclui um fundo de carbono de twill 3k e est\u00e1 equipado com um <strong>especial DB-Killer<\/strong> otimizado para <strong>reduzir<\/strong> o ru\u00eddo sem <strong>penalizar<\/strong> o desempenho.<br \/>\nO escape STR-1 foi <strong>projetado<\/strong> para que o motor possa <strong>expressar o melhor<\/strong> de si mesmo <strong>em toda<\/strong> a gama de rota\u00e7\u00f5es do motor. Os <strong>testes de bancada<\/strong> e depois tamb\u00e9m confirmados pelos <strong>testes em pista<\/strong> mostram um <strong>excelente desempenho<\/strong> tanto em <strong>baixas<\/strong> como em <strong>altas velocidades<\/strong>.<br \/>\nO escape STR-1 est\u00e1 equipado com a mais recente gera\u00e7\u00e3o de <strong>fonoabsorventes<\/strong>, desenvolvidos pelo nosso departamento de P&#038;D, e permite que cumpra os <strong>limites de ru\u00eddo<\/strong> cada vez mais rigorosos impostos pelas regulamenta\u00e7\u00f5es nacionais e internacionais para <strong>competi\u00e7\u00f5es off-road<\/strong>. O material fonoabsorvente \u00e9 <strong>facilmente substitu\u00edvel<\/strong> gra\u00e7as \u00e0 presen\u00e7a <strong>de parafusos<\/strong> localizados na frente do escape que <strong>facilitam<\/strong> esta opera\u00e7\u00e3o.<br \/>\nO escape Mivv STR-1 n\u00e3o requer <strong>remapeamentos<\/strong>. O desenvolvimento foi feito <strong>sem fazer quaisquer altera\u00e7\u00f5es<\/strong> na eletr\u00f3nica. Este \u00e9 <strong>intercambi\u00e1vel<\/strong> com o silenciador de s\u00e9rie.<\/p>\n","protected":false},"excerpt":{"rendered":"<p>EURO 5 APROVADO SOMENTE COM O CATALISADOR ACC.041.A1 INSTALADO. N\u00c3O COMPAT\u00cdVEL COM VE\u00cdCULOS EURO 5+ EQUIPADOS COM SENSOR LAMBDA P\u00d3S-CATALISADOR.<\/p>\n","protected":false},"featured_media":29377,"template":"","meta":{"_acf_changed":false},"product_brand":[20854,20852,20851],"product_cat":[705],"product_tag":[],"class_list":{"0":"post-80853","1":"product","2":"type-product","3":"status-publish","4":"has-post-thumbnail","6":"product_brand-2021-2022-701-enduro-supermoto","7":"product_brand-701-enduro-supermoto","8":"product_brand-husqvarna","9":"product_cat-slip-on","11":"first","12":"instock","13":"shipping-taxable","14":"product-type-simple"},"acf":[],"_links":{"self":[{"href":"https:\/\/dev.mivv.com\/pt-pt\/wp-json\/wp\/v2\/product\/80853","targetHints":{"allow":["GET"]}}],"collection":[{"href":"https:\/\/dev.mivv.com\/pt-pt\/wp-json\/wp\/v2\/product"}],"about":[{"href":"https:\/\/dev.mivv.com\/pt-pt\/wp-json\/wp\/v2\/types\/product"}],"wp:featuredmedia":[{"embeddable":true,"href":"https:\/\/dev.mivv.com\/pt-pt\/wp-json\/wp\/v2\/media\/29377"}],"wp:attachment":[{"href":"https:\/\/dev.mivv.com\/pt-pt\/wp-json\/wp\/v2\/media?parent=80853"}],"wp:term":[{"taxonomy":"product_brand","embeddable":true,"href":"https:\/\/dev.mivv.com\/pt-pt\/wp-json\/wp\/v2\/product_brand?post=80853"},{"taxonomy":"product_cat","embeddable":true,"href":"https:\/\/dev.mivv.com\/pt-pt\/wp-json\/wp\/v2\/product_cat?post=80853"},{"taxonomy":"product_tag","embeddable":true,"href":"https:\/\/dev.mivv.com\/pt-pt\/wp-json\/wp\/v2\/product_tag?post=80853"}],"curies":[{"name":"wp","href":"https:\/\/api.w.org\/{rel}","templated":true}]}}