{"id":81007,"date":"2026-04-15T19:17:01","date_gmt":"2026-04-15T17:17:01","guid":{"rendered":"https:\/\/dev.mivv.com\/scarico-moto\/s-060-lrt-suzuki-gsx-r-1300-hayabusa-2021-2024\/"},"modified":"2026-04-15T19:17:01","modified_gmt":"2026-04-15T17:17:01","slug":"s-060-lrt-suzuki-gsx-r-1300-hayabusa-2021-2024","status":"publish","type":"product","link":"https:\/\/dev.mivv.com\/pt-pt\/product\/s-060-lrt-suzuki-gsx-r-1300-hayabusa-2021-2024\/","title":{"rendered":"S.060.LRT \u2013 SUZUKI GSX-R 1300 HAYABUSA 2021 > 2024"},"content":{"rendered":"<p>Concebidos para melhorar a <strong>est\u00e9tica, som e desempenho<\/strong> da moto, os Escapes mont\u00e1veis da Mivv s\u00e3o o resultado da m\u00e1xima aten\u00e7\u00e3o ao design, com o objetivo de satisfazer aqueles que se querem <strong>distinguir<\/strong> pelo <strong>aspeto<\/strong> das suas motos.<\/p>\n<p><strong>Design moderno<\/strong> e excelente desempenho s\u00e3o as principais caracter\u00edsticas do escape SPEED EDGE, que combina tamb\u00e9m um som <strong>distintamente desportivo<\/strong>.<\/p>\n<p>Realizado com corpo em <strong>tit\u00e2nio<\/strong> e com c\u00e1rter e bra\u00e7adeira de fixa\u00e7\u00e3o de <strong>carbono<\/strong>, o escape tem uma forma <strong>hexagonal<\/strong>.<\/p>\n","protected":false},"excerpt":{"rendered":"<p>PROTETOR T\u00c9RMICO DE CARBONO INCLU\u00cdDO<\/p>\n","protected":false},"featured_media":65569,"template":"","meta":{"_acf_changed":false},"product_brand":[21267,21265,21211],"product_cat":[850],"product_tag":[],"class_list":{"0":"post-81007","1":"product","2":"type-product","3":"status-publish","4":"has-post-thumbnail","6":"product_brand-2021-gsx-r-1300-hayabusa","7":"product_brand-gsx-r-1300-hayabusa","8":"product_brand-suzuki","9":"product_cat-2-slip-on","11":"first","12":"instock","13":"shipping-taxable","14":"product-type-simple"},"acf":[],"_links":{"self":[{"href":"https:\/\/dev.mivv.com\/pt-pt\/wp-json\/wp\/v2\/product\/81007","targetHints":{"allow":["GET"]}}],"collection":[{"href":"https:\/\/dev.mivv.com\/pt-pt\/wp-json\/wp\/v2\/product"}],"about":[{"href":"https:\/\/dev.mivv.com\/pt-pt\/wp-json\/wp\/v2\/types\/product"}],"wp:featuredmedia":[{"embeddable":true,"href":"https:\/\/dev.mivv.com\/pt-pt\/wp-json\/wp\/v2\/media\/65569"}],"wp:attachment":[{"href":"https:\/\/dev.mivv.com\/pt-pt\/wp-json\/wp\/v2\/media?parent=81007"}],"wp:term":[{"taxonomy":"product_brand","embeddable":true,"href":"https:\/\/dev.mivv.com\/pt-pt\/wp-json\/wp\/v2\/product_brand?post=81007"},{"taxonomy":"product_cat","embeddable":true,"href":"https:\/\/dev.mivv.com\/pt-pt\/wp-json\/wp\/v2\/product_cat?post=81007"},{"taxonomy":"product_tag","embeddable":true,"href":"https:\/\/dev.mivv.com\/pt-pt\/wp-json\/wp\/v2\/product_tag?post=81007"}],"curies":[{"name":"wp","href":"https:\/\/api.w.org\/{rel}","templated":true}]}}