{"id":81035,"date":"2026-04-15T19:17:10","date_gmt":"2026-04-15T17:17:10","guid":{"rendered":"https:\/\/dev.mivv.com\/scarico-moto\/y-073-lr1xb-yamaha-t-max-560-2022-2024\/"},"modified":"2026-04-15T19:17:10","modified_gmt":"2026-04-15T17:17:10","slug":"y-073-lr1xb-yamaha-t-max-560-2022-2024","status":"publish","type":"product","link":"https:\/\/dev.mivv.com\/pt-pt\/product\/y-073-lr1xb-yamaha-t-max-560-2022-2024\/","title":{"rendered":"Y.073.LR1XB- YAMAHA T-MAX 560 2022 > 2024"},"content":{"rendered":"<p>Concebidos para melhorar a <strong>est\u00e9tica, som e desempenho<\/strong> da moto, os Escapes mont\u00e1veis da Mivv s\u00e3o o resultado da m\u00e1xima aten\u00e7\u00e3o ao design, com o objetivo de satisfazer aqueles que se querem <strong>distinguir<\/strong> pelo <strong>aspeto<\/strong> das suas motos.<\/p>\n<p>Os escapes da linha <strong>SR-1<\/strong> s\u00e3o dedicados principalmente \u00e0s superbikes e hypernaked. <strong>SR-1<\/strong> herda toda a experi\u00eancia adquirida nos v\u00e1rios campeonatos mundiais <strong>MotoGp &#8211; Moto2 &#8211; Moto3<\/strong>. Terminado com grande aten\u00e7\u00e3o pelos detalhes, garante uma melhoria na <strong>apar\u00eancia<\/strong> e <strong>desempenho<\/strong> da moto.<\/p>\n<p>&#8220;Apresenta um corpo central em <strong>a\u00e7o inoxid\u00e1vel preto<\/strong> com efeito <strong>&#8220;Black Moon&#8221;<\/strong>, obtido gra\u00e7as a um processo especial de pintura \u00e0 base de cer\u00e2mica que confere ao produto um <strong>aspeto mais agressivo<\/strong>.<br \/>\n&#8220;<\/p>\n","protected":false},"excerpt":{"rendered":"<p>EURO 5 APPROVED ONLY WHEN ACC.045.A1 CATALYST IS INSTALLED. Para melhorar o desempenho, recomendamos remapear a unidade de controle ( (+3 cv a mais que a vers\u00e3o sem mapa). Para obter mais informa\u00e7\u00f5es, leia as informa\u00e7\u00f5es t\u00e9cnicas na caixa de documenta\u00e7\u00e3o. N\u00c3O COMPAT\u00cdVEL COM VE\u00cdCULOS EURO 5+ EQUIPADOS COM SENSOR LAMBDA P\u00d3S-CATALISADOR.<\/p>\n","protected":false},"featured_media":46089,"template":"","meta":{"_acf_changed":false},"product_brand":[21429,21427,21384],"product_cat":[19573],"product_tag":[],"class_list":{"0":"post-81035","1":"product","2":"type-product","3":"status-publish","4":"has-post-thumbnail","6":"product_brand-2022-t-max-560","7":"product_brand-t-max-560","8":"product_brand-yamaha","9":"product_cat-planta-completa","11":"first","12":"instock","13":"shipping-taxable","14":"product-type-simple"},"acf":[],"_links":{"self":[{"href":"https:\/\/dev.mivv.com\/pt-pt\/wp-json\/wp\/v2\/product\/81035","targetHints":{"allow":["GET"]}}],"collection":[{"href":"https:\/\/dev.mivv.com\/pt-pt\/wp-json\/wp\/v2\/product"}],"about":[{"href":"https:\/\/dev.mivv.com\/pt-pt\/wp-json\/wp\/v2\/types\/product"}],"wp:featuredmedia":[{"embeddable":true,"href":"https:\/\/dev.mivv.com\/pt-pt\/wp-json\/wp\/v2\/media\/46089"}],"wp:attachment":[{"href":"https:\/\/dev.mivv.com\/pt-pt\/wp-json\/wp\/v2\/media?parent=81035"}],"wp:term":[{"taxonomy":"product_brand","embeddable":true,"href":"https:\/\/dev.mivv.com\/pt-pt\/wp-json\/wp\/v2\/product_brand?post=81035"},{"taxonomy":"product_cat","embeddable":true,"href":"https:\/\/dev.mivv.com\/pt-pt\/wp-json\/wp\/v2\/product_cat?post=81035"},{"taxonomy":"product_tag","embeddable":true,"href":"https:\/\/dev.mivv.com\/pt-pt\/wp-json\/wp\/v2\/product_tag?post=81035"}],"curies":[{"name":"wp","href":"https:\/\/api.w.org\/{rel}","templated":true}]}}