{"id":81070,"date":"2026-04-15T19:17:22","date_gmt":"2026-04-15T17:17:22","guid":{"rendered":"https:\/\/dev.mivv.com\/scarico-moto\/y-064-l4b-yamaha-tenere-700-2019-2024\/"},"modified":"2026-04-15T19:17:22","modified_gmt":"2026-04-15T17:17:22","slug":"y-064-l4b-yamaha-tenere-700-2019-2024","status":"publish","type":"product","link":"https:\/\/dev.mivv.com\/pt-pt\/product\/y-064-l4b-yamaha-tenere-700-2019-2024\/","title":{"rendered":"Y.064.L4B \u2013 YAMAHA TENERE\u2019 700 2019 > 2024"},"content":{"rendered":"<p>Concebidos para melhorar a <strong>est\u00e9tica, som e desempenho<\/strong> da moto, os Escapes mont\u00e1veis da Mivv s\u00e3o o resultado da m\u00e1xima aten\u00e7\u00e3o ao design, com o objetivo de satisfazer aqueles que se querem <strong>distinguir<\/strong> pelo <strong>aspeto<\/strong> das suas motos.<\/p>\n<p>O escape OVAL \u00e9 perfeitamente adequado para todos os tipos de motos. Com a m\u00e1xima aten\u00e7\u00e3o aos detalhes, esta gama \u00e9 o melhor compromisso entre o <strong>visual<\/strong> e o <strong>desempenho<\/strong>. <\/p>\n<p>A vers\u00e3o <strong>Titanio Black<\/strong> \u00e9 caracterizada por um corpo central em <strong>tit\u00e2nio preto<\/strong> om efeito <strong>&#8220;Black Moon&#8221;<\/strong>; um acabamento obtido gra\u00e7as a um processo especial e <strong>envernizamento<\/strong> de base <strong>cer\u00e2mica<\/strong>.<\/p>\n","protected":false},"excerpt":{"rendered":"<p>Para melhorar o desempenho, recomendamos remapear a unidade de controle.Para obter mais informa\u00e7\u00f5es, leia as informa\u00e7\u00f5es t\u00e9cnicas na caixa de documenta\u00e7\u00e3o.<\/p>\n","protected":false},"featured_media":46102,"template":"","meta":{"_acf_changed":false},"product_brand":[21434,21433,21384],"product_cat":[705],"product_tag":[],"class_list":{"0":"post-81070","1":"product","2":"type-product","3":"status-publish","4":"has-post-thumbnail","6":"product_brand-2019-tenere-700","7":"product_brand-tenere-700","8":"product_brand-yamaha","9":"product_cat-slip-on","11":"first","12":"instock","13":"shipping-taxable","14":"product-type-simple"},"acf":[],"_links":{"self":[{"href":"https:\/\/dev.mivv.com\/pt-pt\/wp-json\/wp\/v2\/product\/81070","targetHints":{"allow":["GET"]}}],"collection":[{"href":"https:\/\/dev.mivv.com\/pt-pt\/wp-json\/wp\/v2\/product"}],"about":[{"href":"https:\/\/dev.mivv.com\/pt-pt\/wp-json\/wp\/v2\/types\/product"}],"wp:featuredmedia":[{"embeddable":true,"href":"https:\/\/dev.mivv.com\/pt-pt\/wp-json\/wp\/v2\/media\/46102"}],"wp:attachment":[{"href":"https:\/\/dev.mivv.com\/pt-pt\/wp-json\/wp\/v2\/media?parent=81070"}],"wp:term":[{"taxonomy":"product_brand","embeddable":true,"href":"https:\/\/dev.mivv.com\/pt-pt\/wp-json\/wp\/v2\/product_brand?post=81070"},{"taxonomy":"product_cat","embeddable":true,"href":"https:\/\/dev.mivv.com\/pt-pt\/wp-json\/wp\/v2\/product_cat?post=81070"},{"taxonomy":"product_tag","embeddable":true,"href":"https:\/\/dev.mivv.com\/pt-pt\/wp-json\/wp\/v2\/product_tag?post=81070"}],"curies":[{"name":"wp","href":"https:\/\/api.w.org\/{rel}","templated":true}]}}