{"id":82232,"date":"2026-04-15T19:25:09","date_gmt":"2026-04-15T17:25:09","guid":{"rendered":"https:\/\/dev.mivv.com\/scarico-moto\/re-001-lz-royal-enfield-himalayan-2021-2023\/"},"modified":"2026-04-15T19:25:09","modified_gmt":"2026-04-15T17:25:09","slug":"re-001-lz-royal-enfield-himalayan-2021-2023","status":"publish","type":"product","link":"https:\/\/dev.mivv.com\/pt-pt\/product\/re-001-lz-royal-enfield-himalayan-2021-2023\/","title":{"rendered":"RE.001.LZ &#8211; ROYAL ENFIELD HIMALAYAN 2021> 2023"},"content":{"rendered":"<p>Concebidos para melhorar a <strong>est\u00e9tica, som e desempenho<\/strong> da moto, os Escapes mont\u00e1veis da Mivv s\u00e3o o resultado da m\u00e1xima aten\u00e7\u00e3o ao design, com o objetivo de satisfazer aqueles que se querem <strong>distinguir<\/strong> pelo <strong>aspeto<\/strong> das suas motos.<\/p>\n<p>O escape OVAL \u00e9 perfeitamente adequado para todos os tipos de motos. Com a m\u00e1xima aten\u00e7\u00e3o aos detalhes, esta gama \u00e9 o melhor compromisso entre o <strong>visual<\/strong> e o <strong>desempenho<\/strong>. <\/p>\n<p>A vers\u00e3o <strong>Preta<\/strong> apresenta um corpo central em <strong>a\u00e7o inoxid\u00e1vel 304 preto<\/strong> com efeito <strong>&#8220;Black Moon&#8221;<\/strong>, acabamento obtido gra\u00e7as a um processo especial de <strong>pintura<\/strong> \u00e0 base de<strong> cer\u00e2mica<\/strong>.<\/p>\n","protected":false},"excerpt":{"rendered":"<p>APROVADO SOMENTE COM CATALISADOR ACC.041.A1 INSTALADO<\/p>\n","protected":false},"featured_media":65635,"template":"","meta":{"_acf_changed":false},"product_brand":[21203,21202,21201],"product_cat":[705],"product_tag":[],"class_list":{"0":"post-82232","1":"product","2":"type-product","3":"status-publish","4":"has-post-thumbnail","6":"product_brand-2021-himalayan","7":"product_brand-himalayan","8":"product_brand-royal-enfield","9":"product_cat-slip-on","11":"first","12":"instock","13":"shipping-taxable","14":"product-type-simple"},"acf":[],"_links":{"self":[{"href":"https:\/\/dev.mivv.com\/pt-pt\/wp-json\/wp\/v2\/product\/82232","targetHints":{"allow":["GET"]}}],"collection":[{"href":"https:\/\/dev.mivv.com\/pt-pt\/wp-json\/wp\/v2\/product"}],"about":[{"href":"https:\/\/dev.mivv.com\/pt-pt\/wp-json\/wp\/v2\/types\/product"}],"wp:featuredmedia":[{"embeddable":true,"href":"https:\/\/dev.mivv.com\/pt-pt\/wp-json\/wp\/v2\/media\/65635"}],"wp:attachment":[{"href":"https:\/\/dev.mivv.com\/pt-pt\/wp-json\/wp\/v2\/media?parent=82232"}],"wp:term":[{"taxonomy":"product_brand","embeddable":true,"href":"https:\/\/dev.mivv.com\/pt-pt\/wp-json\/wp\/v2\/product_brand?post=82232"},{"taxonomy":"product_cat","embeddable":true,"href":"https:\/\/dev.mivv.com\/pt-pt\/wp-json\/wp\/v2\/product_cat?post=82232"},{"taxonomy":"product_tag","embeddable":true,"href":"https:\/\/dev.mivv.com\/pt-pt\/wp-json\/wp\/v2\/product_tag?post=82232"}],"curies":[{"name":"wp","href":"https:\/\/api.w.org\/{rel}","templated":true}]}}