{"id":82505,"date":"2026-04-15T19:33:59","date_gmt":"2026-04-15T17:33:59","guid":{"rendered":"https:\/\/dev.mivv.com\/scarico-moto\/k-057-l4c-kawasaki-ninja-650-2024-2026\/"},"modified":"2026-04-15T19:33:59","modified_gmt":"2026-04-15T17:33:59","slug":"k-057-l4c-kawasaki-ninja-650-2024-2026","status":"publish","type":"product","link":"https:\/\/dev.mivv.com\/pt-pt\/product\/k-057-l4c-kawasaki-ninja-650-2024-2026\/","title":{"rendered":"K.057.L4C \u2013 KAWASAKI NINJA 650 2024 >2026"},"content":{"rendered":"<p>Concebidos para melhorar a <strong>est\u00e9tica, som e desempenho<\/strong> da moto, os Escapes mont\u00e1veis da Mivv s\u00e3o o resultado da m\u00e1xima aten\u00e7\u00e3o ao design, com o objetivo de satisfazer aqueles que se querem <strong>distinguir<\/strong> pelo <strong>aspeto<\/strong> das suas motos.<\/p>\n<p>O escape OVAL \u00e9 perfeitamente adequado para todos os tipos de motos. Com a m\u00e1xima aten\u00e7\u00e3o aos detalhes, esta gama \u00e9 o melhor compromisso entre o <strong>visual<\/strong> e o <strong>desempenho<\/strong>. <\/p>\n<p>Com corpo de <strong>tit\u00e2nio<\/strong> e tampa de carbono de alta resist\u00eancia t\u00e9rmica, o escape tem fendas abertas na tampa, um detalhe que proporciona um <strong>aspeto mais desportivo<\/strong> ao silenciador.<\/p>\n","protected":false},"excerpt":{"rendered":"<p>APROVADO SOMENTE COM CATALISADOR ACC.077.A1 INSTALADO. COMPAT\u00cdVEL COM DOIS SENSORES LAMBDA. A instala\u00e7\u00e3o deste sistema de escape sem o catalisador e a switch-off key pode fazer com que a luz de aviso do motor se acenda. Catalisador remov\u00edvel ACC.077.A1 dispon\u00edvel como opcional<\/p>\n","protected":false},"featured_media":30504,"template":"","meta":{"_acf_changed":false},"product_brand":[20884,20862,20882],"product_cat":[19573],"product_tag":[],"class_list":{"0":"post-82505","1":"product","2":"type-product","3":"status-publish","4":"has-post-thumbnail","6":"product_brand-2024-2026-8931","7":"product_brand-kawasaki","8":"product_brand-ninja-650","9":"product_cat-planta-completa","11":"first","12":"instock","13":"shipping-taxable","14":"product-type-simple"},"acf":[],"_links":{"self":[{"href":"https:\/\/dev.mivv.com\/pt-pt\/wp-json\/wp\/v2\/product\/82505","targetHints":{"allow":["GET"]}}],"collection":[{"href":"https:\/\/dev.mivv.com\/pt-pt\/wp-json\/wp\/v2\/product"}],"about":[{"href":"https:\/\/dev.mivv.com\/pt-pt\/wp-json\/wp\/v2\/types\/product"}],"wp:featuredmedia":[{"embeddable":true,"href":"https:\/\/dev.mivv.com\/pt-pt\/wp-json\/wp\/v2\/media\/30504"}],"wp:attachment":[{"href":"https:\/\/dev.mivv.com\/pt-pt\/wp-json\/wp\/v2\/media?parent=82505"}],"wp:term":[{"taxonomy":"product_brand","embeddable":true,"href":"https:\/\/dev.mivv.com\/pt-pt\/wp-json\/wp\/v2\/product_brand?post=82505"},{"taxonomy":"product_cat","embeddable":true,"href":"https:\/\/dev.mivv.com\/pt-pt\/wp-json\/wp\/v2\/product_cat?post=82505"},{"taxonomy":"product_tag","embeddable":true,"href":"https:\/\/dev.mivv.com\/pt-pt\/wp-json\/wp\/v2\/product_tag?post=82505"}],"curies":[{"name":"wp","href":"https:\/\/api.w.org\/{rel}","templated":true}]}}