{"id":82561,"date":"2026-04-15T19:34:21","date_gmt":"2026-04-15T17:34:21","guid":{"rendered":"https:\/\/dev.mivv.com\/scarico-moto\/k-060-sh1bgn-kawasaki-vulcan-s-2017-2023\/"},"modified":"2026-04-15T19:34:21","modified_gmt":"2026-04-15T17:34:21","slug":"k-060-sh1bgn-kawasaki-vulcan-s-2017-2023","status":"publish","type":"product","link":"https:\/\/dev.mivv.com\/pt-pt\/product\/k-060-sh1bgn-kawasaki-vulcan-s-2017-2023\/","title":{"rendered":"K.060.SH1BGN &#8211; KAWASAKI VULCAN S 2017 > 2023"},"content":{"rendered":"<p>Concebidos para melhorar a <strong>est\u00e9tica, som e desempenho<\/strong> da moto, os Escapes mont\u00e1veis da Mivv s\u00e3o o resultado da m\u00e1xima aten\u00e7\u00e3o ao design, com o objetivo de satisfazer aqueles que se querem <strong>distinguir<\/strong> pelo <strong>aspeto<\/strong> das suas motos.<\/p>\n<p>Os escapes da linha HR-1 t\u00eam uma forma redonda montados com rebites pretos com um\u00a0<strong>aspeto especial<\/strong>. O tubo de sa\u00edda \u00e9 feito de\u00a0<strong>alum\u00ednio envernizado preto<\/strong>\u00a0ou\u00a0<strong>carbono &#8220;twill 3K look&#8221;<\/strong><\/p>\n<p>Apresenta um corpo central em a\u00e7o inoxid\u00e1vel preto com efeito <strong>&#8220;Black Moon&#8221;<\/strong>, obtido gra\u00e7as a um processo especial de pintura \u00e0 base de cer\u00e2mica que confere ao produto um <strong>aspeto &#8220;classic style&#8221;<\/strong><\/p>\n","protected":false},"excerpt":{"rendered":"<p>N\u00c3O APROVADO. VERS\u00c3O &#8220;FULL BLACK&#8221;<\/p>\n","protected":false},"featured_media":25813,"template":"","meta":{"_acf_changed":false},"product_brand":[20896,20862,20895],"product_cat":[19573],"product_tag":[],"class_list":{"0":"post-82561","1":"product","2":"type-product","3":"status-publish","4":"has-post-thumbnail","6":"product_brand-2017-vulcan-s","7":"product_brand-kawasaki","8":"product_brand-vulcan-s","9":"product_cat-planta-completa","11":"first","12":"instock","13":"shipping-taxable","14":"product-type-simple"},"acf":[],"_links":{"self":[{"href":"https:\/\/dev.mivv.com\/pt-pt\/wp-json\/wp\/v2\/product\/82561","targetHints":{"allow":["GET"]}}],"collection":[{"href":"https:\/\/dev.mivv.com\/pt-pt\/wp-json\/wp\/v2\/product"}],"about":[{"href":"https:\/\/dev.mivv.com\/pt-pt\/wp-json\/wp\/v2\/types\/product"}],"wp:featuredmedia":[{"embeddable":true,"href":"https:\/\/dev.mivv.com\/pt-pt\/wp-json\/wp\/v2\/media\/25813"}],"wp:attachment":[{"href":"https:\/\/dev.mivv.com\/pt-pt\/wp-json\/wp\/v2\/media?parent=82561"}],"wp:term":[{"taxonomy":"product_brand","embeddable":true,"href":"https:\/\/dev.mivv.com\/pt-pt\/wp-json\/wp\/v2\/product_brand?post=82561"},{"taxonomy":"product_cat","embeddable":true,"href":"https:\/\/dev.mivv.com\/pt-pt\/wp-json\/wp\/v2\/product_cat?post=82561"},{"taxonomy":"product_tag","embeddable":true,"href":"https:\/\/dev.mivv.com\/pt-pt\/wp-json\/wp\/v2\/product_tag?post=82561"}],"curies":[{"name":"wp","href":"https:\/\/api.w.org\/{rel}","templated":true}]}}