{"id":82911,"date":"2026-04-15T19:36:15","date_gmt":"2026-04-15T17:36:15","guid":{"rendered":"https:\/\/dev.mivv.com\/scarico-moto\/k-061-lzk-kawasaki-z-500-se-2024-2024\/"},"modified":"2026-04-15T19:36:15","modified_gmt":"2026-04-15T17:36:15","slug":"k-061-lzk-kawasaki-z-500-se-2024-2024","status":"publish","type":"product","link":"https:\/\/dev.mivv.com\/pt-pt\/product\/k-061-lzk-kawasaki-z-500-se-2024-2024\/","title":{"rendered":"K.061.LZK &#8211; KAWASAKI Z 500 \/ SE 2024 >2024"},"content":{"rendered":"","protected":false},"excerpt":{"rendered":"<p>Escudo t\u00e9rmico de alum\u00ednio inclu\u00eddo.<\/p>\n","protected":false},"featured_media":66113,"template":"","meta":{"_acf_changed":false},"product_brand":[20862,20907],"product_cat":[705],"product_tag":[],"class_list":{"0":"post-82911","1":"product","2":"type-product","3":"status-publish","4":"has-post-thumbnail","6":"product_brand-kawasaki","7":"product_brand-z-500-se","8":"product_cat-slip-on","10":"first","11":"instock","12":"shipping-taxable","13":"product-type-simple"},"acf":[],"_links":{"self":[{"href":"https:\/\/dev.mivv.com\/pt-pt\/wp-json\/wp\/v2\/product\/82911","targetHints":{"allow":["GET"]}}],"collection":[{"href":"https:\/\/dev.mivv.com\/pt-pt\/wp-json\/wp\/v2\/product"}],"about":[{"href":"https:\/\/dev.mivv.com\/pt-pt\/wp-json\/wp\/v2\/types\/product"}],"wp:featuredmedia":[{"embeddable":true,"href":"https:\/\/dev.mivv.com\/pt-pt\/wp-json\/wp\/v2\/media\/66113"}],"wp:attachment":[{"href":"https:\/\/dev.mivv.com\/pt-pt\/wp-json\/wp\/v2\/media?parent=82911"}],"wp:term":[{"taxonomy":"product_brand","embeddable":true,"href":"https:\/\/dev.mivv.com\/pt-pt\/wp-json\/wp\/v2\/product_brand?post=82911"},{"taxonomy":"product_cat","embeddable":true,"href":"https:\/\/dev.mivv.com\/pt-pt\/wp-json\/wp\/v2\/product_cat?post=82911"},{"taxonomy":"product_tag","embeddable":true,"href":"https:\/\/dev.mivv.com\/pt-pt\/wp-json\/wp\/v2\/product_tag?post=82911"}],"curies":[{"name":"wp","href":"https:\/\/api.w.org\/{rel}","templated":true}]}}