{"id":82939,"date":"2026-04-15T19:38:50","date_gmt":"2026-04-15T17:38:50","guid":{"rendered":"https:\/\/dev.mivv.com\/scarico-moto\/y-071-lr1t-yamaha-r7-2022-2024\/"},"modified":"2026-04-15T19:38:50","modified_gmt":"2026-04-15T17:38:50","slug":"y-071-lr1t-yamaha-r7-2022-2024","status":"publish","type":"product","link":"https:\/\/dev.mivv.com\/pt-pt\/product\/y-071-lr1t-yamaha-r7-2022-2024\/","title":{"rendered":"Y.071.LR1T\u2013 YAMAHA R7 2022 > 2024"},"content":{"rendered":"<p>Concebidos para melhorar a <strong>est\u00e9tica, som e desempenho<\/strong> da moto, os Escapes mont\u00e1veis da Mivv s\u00e3o o resultado da m\u00e1xima aten\u00e7\u00e3o ao design, com o objetivo de satisfazer aqueles que se querem <strong>distinguir<\/strong> pelo <strong>aspeto<\/strong> das suas motos.<\/p>\n<p>Os escapes da linha <strong>SR-1<\/strong> s\u00e3o dedicados principalmente \u00e0s superbikes e hypernaked. <strong>SR-1<\/strong> herda toda a experi\u00eancia adquirida nos v\u00e1rios campeonatos mundiais <strong>MotoGp &#8211; Moto2 &#8211; Moto3<\/strong>. Terminado com grande aten\u00e7\u00e3o pelos detalhes, garante uma melhoria na <strong>apar\u00eancia<\/strong> e <strong>desempenho<\/strong> da moto.<\/p>\n<p>Esta vers\u00e3o \u00e9 caracterizada por um <strong>corpo de tit\u00e2nio de forma hexagonal<\/strong> e pela presen\u00e7a de um <strong>copo de carbono<\/strong> com trama em T capaz de suportar tens\u00f5es de alta temperatura t\u00edpicas <strong>do mundo das corridas<\/strong>. Em compara\u00e7\u00e3o com o escape de s\u00e9rie o SR-1 em <strong>tit\u00e2nio<\/strong> garante uma <strong>redu\u00e7\u00e3o de peso<\/strong> consider\u00e1vel.<\/p>\n","protected":false},"excerpt":{"rendered":"<p>EURO 5 APROVADO SOMENTE COM O CATALISADOR ACC.077.A1 INSTALADO. N\u00c3O COMPAT\u00cdVEL COM VE\u00cdCULOS EURO 5+ EQUIPADOS COM SENSOR LAMBDA P\u00d3S-CATALISADOR.<\/p>\n","protected":false},"featured_media":46204,"template":"","meta":{"_acf_changed":false},"product_brand":[21418,21417,21384],"product_cat":[19573],"product_tag":[],"class_list":{"0":"post-82939","1":"product","2":"type-product","3":"status-publish","4":"has-post-thumbnail","6":"product_brand-2022-r7","7":"product_brand-r7","8":"product_brand-yamaha","9":"product_cat-planta-completa","11":"first","12":"instock","13":"shipping-taxable","14":"product-type-simple"},"acf":[],"_links":{"self":[{"href":"https:\/\/dev.mivv.com\/pt-pt\/wp-json\/wp\/v2\/product\/82939","targetHints":{"allow":["GET"]}}],"collection":[{"href":"https:\/\/dev.mivv.com\/pt-pt\/wp-json\/wp\/v2\/product"}],"about":[{"href":"https:\/\/dev.mivv.com\/pt-pt\/wp-json\/wp\/v2\/types\/product"}],"wp:featuredmedia":[{"embeddable":true,"href":"https:\/\/dev.mivv.com\/pt-pt\/wp-json\/wp\/v2\/media\/46204"}],"wp:attachment":[{"href":"https:\/\/dev.mivv.com\/pt-pt\/wp-json\/wp\/v2\/media?parent=82939"}],"wp:term":[{"taxonomy":"product_brand","embeddable":true,"href":"https:\/\/dev.mivv.com\/pt-pt\/wp-json\/wp\/v2\/product_brand?post=82939"},{"taxonomy":"product_cat","embeddable":true,"href":"https:\/\/dev.mivv.com\/pt-pt\/wp-json\/wp\/v2\/product_cat?post=82939"},{"taxonomy":"product_tag","embeddable":true,"href":"https:\/\/dev.mivv.com\/pt-pt\/wp-json\/wp\/v2\/product_tag?post=82939"}],"curies":[{"name":"wp","href":"https:\/\/api.w.org\/{rel}","templated":true}]}}