{"id":84024,"date":"2026-04-15T19:45:27","date_gmt":"2026-04-15T17:45:27","guid":{"rendered":"https:\/\/dev.mivv.com\/scarico-moto\/acc-080-0-yamaha-tenere-700-2025-2026\/"},"modified":"2026-04-15T19:45:27","modified_gmt":"2026-04-15T17:45:27","slug":"acc-080-0-yamaha-tenere-700-2025-2026","status":"publish","type":"product","link":"https:\/\/dev.mivv.com\/pt-pt\/product\/acc-080-0-yamaha-tenere-700-2025-2026\/","title":{"rendered":"ACC.080.0 \u2013 YAMAHA TENERE\u2019 700 2025 >2026"},"content":{"rendered":"<p>Esta prote\u00e7\u00e3o t\u00e9rmica em <strong>fibra de carbono<\/strong> foi projetada <strong>exclusivamente<\/strong> para o sistema de escape desta moto. Este produto <strong>opcional<\/strong>, de f\u00e1cil instala\u00e7\u00e3o, d\u00e1 uma apar\u00eancia <strong>mais desportiva<\/strong> a todo o sistema de escape e <strong>evita o contacto<\/strong> direto com as partes do sistema onde s\u00e3o atingidos <strong>picos de calor elevados<\/strong>.<\/p>\n","protected":false},"excerpt":{"rendered":"<p>Protetor de calor de carbono opcional (compat\u00edvel apenas com escapamentos Y.064.LDKB e Y.064.LDKX)<\/p>\n","protected":false},"featured_media":64643,"template":"","meta":{"_acf_changed":false},"product_brand":[21435,21433,21384],"product_cat":[21538],"product_tag":[],"class_list":{"0":"post-84024","1":"product","2":"type-product","3":"status-publish","4":"has-post-thumbnail","6":"product_brand-2025-tenere-700","7":"product_brand-tenere-700","8":"product_brand-yamaha","9":"product_cat-cobertura-de-carbono","11":"first","12":"instock","13":"shipping-taxable","14":"product-type-simple"},"acf":[],"_links":{"self":[{"href":"https:\/\/dev.mivv.com\/pt-pt\/wp-json\/wp\/v2\/product\/84024","targetHints":{"allow":["GET"]}}],"collection":[{"href":"https:\/\/dev.mivv.com\/pt-pt\/wp-json\/wp\/v2\/product"}],"about":[{"href":"https:\/\/dev.mivv.com\/pt-pt\/wp-json\/wp\/v2\/types\/product"}],"wp:featuredmedia":[{"embeddable":true,"href":"https:\/\/dev.mivv.com\/pt-pt\/wp-json\/wp\/v2\/media\/64643"}],"wp:attachment":[{"href":"https:\/\/dev.mivv.com\/pt-pt\/wp-json\/wp\/v2\/media?parent=84024"}],"wp:term":[{"taxonomy":"product_brand","embeddable":true,"href":"https:\/\/dev.mivv.com\/pt-pt\/wp-json\/wp\/v2\/product_brand?post=84024"},{"taxonomy":"product_cat","embeddable":true,"href":"https:\/\/dev.mivv.com\/pt-pt\/wp-json\/wp\/v2\/product_cat?post=84024"},{"taxonomy":"product_tag","embeddable":true,"href":"https:\/\/dev.mivv.com\/pt-pt\/wp-json\/wp\/v2\/product_tag?post=84024"}],"curies":[{"name":"wp","href":"https:\/\/api.w.org\/{rel}","templated":true}]}}