{"id":84899,"date":"2026-04-15T19:50:40","date_gmt":"2026-04-15T17:50:40","guid":{"rendered":"https:\/\/dev.mivv.com\/scarico-moto\/y-078-k3k-yamaha-r9-2025-2026\/"},"modified":"2026-04-15T19:50:40","modified_gmt":"2026-04-15T17:50:40","slug":"y-078-k3k-yamaha-r9-2025-2026","status":"publish","type":"product","link":"https:\/\/dev.mivv.com\/pt-pt\/product\/y-078-k3k-yamaha-r9-2025-2026\/","title":{"rendered":"Y.078.K3K &#8211; YAMAHA R9 2025 > 2026"},"content":{"rendered":"","protected":false},"excerpt":{"rendered":"<p>PROTETOR DE CALOR DE CARBONO INCLU\u00cdDO. Catalisador ACC.099.A1 inclu\u00eddo. Homologado E5+ (Reg.EC-UE 134\/2014). Ap\u00f3s a instala\u00e7\u00e3o deste sistema de escape, a luz indicadora do motor (MIL) poder\u00e1 acender. Caso isso ocorra, a instala\u00e7\u00e3o opcional da Switch-Off Key poder\u00e1 resolver o inconveniente. Para mais informa\u00e7\u00f5es, consulte a sec\u00e7\u00e3o de \u201cPe\u00e7as Opcionais\u201d.<\/p>\n","protected":false},"featured_media":66051,"template":"","meta":{"_acf_changed":false},"product_brand":[21420,21419,21384],"product_cat":[19573],"product_tag":[],"class_list":{"0":"post-84899","1":"product","2":"type-product","3":"status-publish","4":"has-post-thumbnail","6":"product_brand-2025-2026-11517","7":"product_brand-r9","8":"product_brand-yamaha","9":"product_cat-planta-completa","11":"first","12":"instock","13":"shipping-taxable","14":"product-type-simple"},"acf":[],"_links":{"self":[{"href":"https:\/\/dev.mivv.com\/pt-pt\/wp-json\/wp\/v2\/product\/84899","targetHints":{"allow":["GET"]}}],"collection":[{"href":"https:\/\/dev.mivv.com\/pt-pt\/wp-json\/wp\/v2\/product"}],"about":[{"href":"https:\/\/dev.mivv.com\/pt-pt\/wp-json\/wp\/v2\/types\/product"}],"wp:featuredmedia":[{"embeddable":true,"href":"https:\/\/dev.mivv.com\/pt-pt\/wp-json\/wp\/v2\/media\/66051"}],"wp:attachment":[{"href":"https:\/\/dev.mivv.com\/pt-pt\/wp-json\/wp\/v2\/media?parent=84899"}],"wp:term":[{"taxonomy":"product_brand","embeddable":true,"href":"https:\/\/dev.mivv.com\/pt-pt\/wp-json\/wp\/v2\/product_brand?post=84899"},{"taxonomy":"product_cat","embeddable":true,"href":"https:\/\/dev.mivv.com\/pt-pt\/wp-json\/wp\/v2\/product_cat?post=84899"},{"taxonomy":"product_tag","embeddable":true,"href":"https:\/\/dev.mivv.com\/pt-pt\/wp-json\/wp\/v2\/product_tag?post=84899"}],"curies":[{"name":"wp","href":"https:\/\/api.w.org\/{rel}","templated":true}]}}