{"id":85200,"date":"2026-04-15T19:52:46","date_gmt":"2026-04-15T17:52:46","guid":{"rendered":"https:\/\/dev.mivv.com\/scarico-moto\/y-083-ldrb-yamaha-mt-07-fz-07-2025-2026\/"},"modified":"2026-04-15T19:52:46","modified_gmt":"2026-04-15T17:52:46","slug":"y-083-ldrb-yamaha-mt-07-fz-07-2025-2026","status":"publish","type":"product","link":"https:\/\/dev.mivv.com\/pt-pt\/product\/y-083-ldrb-yamaha-mt-07-fz-07-2025-2026\/","title":{"rendered":"Y.083.LDRB- YAMAHA MT-07\/ FZ-07 2025 > 2026"},"content":{"rendered":"<p>Concebidos para melhorar a <strong>est\u00e9tica, som e desempenho<\/strong> da moto, os Escapes mont\u00e1veis da Mivv s\u00e3o o resultado da m\u00e1xima aten\u00e7\u00e3o ao design, com o objetivo de satisfazer aqueles que se querem <strong>distinguir<\/strong> pelo <strong>aspeto<\/strong> das suas motos.<\/p>\n<p>O escape DELTA RACE apresenta uma <strong>forma exclusiva<\/strong> que, atrav\u00e9s de uma transforma\u00e7\u00e3o gradual, de c\u00f3nico torna-se em <strong>hexagonal<\/strong>. H\u00e1 muitos detalhes que o tornam \u00fanico, como a tampa de carbono sarja 3K; o suporte do per\u00edmetro com <strong>rebitagem dupla<\/strong>, a bucha de entrada especialmente maquinada para oferecer a m\u00e1xima precis\u00e3o no acoplamento. Este escape ostenta a log\u00f3tipo caracter\u00edstico da Mivv criado por tecnologia laser.<\/p>\n<p>Apresenta um corpo central em a\u00e7o inoxid\u00e1vel preto com efeito <strong>&#8220;Black Moon&#8221;<\/strong>, obtido gra\u00e7as a um processo especial de pintura \u00e0 base de cer\u00e2mica que confere ao produto um <strong>aspeto mais agressivo<\/strong>.<\/p>\n","protected":false},"excerpt":{"rendered":"<p>APROVADO SOMENTE COM CATALISADOR ACC.099.A1 INSTALADO. A instala\u00e7\u00e3o deste sistema de escape sem o catalisador e a switch-off key pode fazer com que a luz de aviso do motor se acenda. Catalisador remov\u00edvel ACC.099.A1 dispon\u00edvel como opcional<\/p>\n","protected":false},"featured_media":63736,"template":"","meta":{"_acf_changed":false},"product_brand":[21406,21403,21384],"product_cat":[19573],"product_tag":[],"class_list":{"0":"post-85200","1":"product","2":"type-product","3":"status-publish","4":"has-post-thumbnail","6":"product_brand-2025-2026-703","7":"product_brand-mt-07-fz-07","8":"product_brand-yamaha","9":"product_cat-planta-completa","11":"first","12":"instock","13":"shipping-taxable","14":"product-type-simple"},"acf":[],"_links":{"self":[{"href":"https:\/\/dev.mivv.com\/pt-pt\/wp-json\/wp\/v2\/product\/85200","targetHints":{"allow":["GET"]}}],"collection":[{"href":"https:\/\/dev.mivv.com\/pt-pt\/wp-json\/wp\/v2\/product"}],"about":[{"href":"https:\/\/dev.mivv.com\/pt-pt\/wp-json\/wp\/v2\/types\/product"}],"wp:featuredmedia":[{"embeddable":true,"href":"https:\/\/dev.mivv.com\/pt-pt\/wp-json\/wp\/v2\/media\/63736"}],"wp:attachment":[{"href":"https:\/\/dev.mivv.com\/pt-pt\/wp-json\/wp\/v2\/media?parent=85200"}],"wp:term":[{"taxonomy":"product_brand","embeddable":true,"href":"https:\/\/dev.mivv.com\/pt-pt\/wp-json\/wp\/v2\/product_brand?post=85200"},{"taxonomy":"product_cat","embeddable":true,"href":"https:\/\/dev.mivv.com\/pt-pt\/wp-json\/wp\/v2\/product_cat?post=85200"},{"taxonomy":"product_tag","embeddable":true,"href":"https:\/\/dev.mivv.com\/pt-pt\/wp-json\/wp\/v2\/product_tag?post=85200"}],"curies":[{"name":"wp","href":"https:\/\/api.w.org\/{rel}","templated":true}]}}