{"id":85417,"date":"2026-04-15T19:54:01","date_gmt":"2026-04-15T17:54:01","guid":{"rendered":"https:\/\/dev.mivv.com\/scarico-moto\/y-067-sm3x-yamaha-mt-125-2025-2026\/"},"modified":"2026-04-15T19:54:01","modified_gmt":"2026-04-15T17:54:01","slug":"y-067-sm3x-yamaha-mt-125-2025-2026","status":"publish","type":"product","link":"https:\/\/dev.mivv.com\/pt-pt\/product\/y-067-sm3x-yamaha-mt-125-2025-2026\/","title":{"rendered":"Y.067.SM3X &#8211; YAMAHA MT-125 2025 > 2026"},"content":{"rendered":"<p>Concebidos para melhorar a <strong>est\u00e9tica, som e desempenho<\/strong> da moto, os Escapes mont\u00e1veis da Mivv s\u00e3o o resultado da m\u00e1xima aten\u00e7\u00e3o ao design, com o objetivo de satisfazer aqueles que se querem <strong>distinguir<\/strong> pelo <strong>aspeto<\/strong> das suas motos.<\/p>\n<p>A linha <strong>MK3<\/strong>, resultante da experi\u00eancia adquirida nos campeonatos mundiais de <strong>Moto3 e Moto2<\/strong>, \u00e9 a s\u00edntese perfeita entre <strong>desempenho e tecnologia<\/strong>. Com um <strong>design<\/strong> semelhante aos escapes feitos para <strong>compeonatos mundiais de Moto3<\/strong>, o MK3 \u00e9 um produto <strong>compacto<\/strong>, capaz de libertar o cativante <strong>som da mivv<\/strong>.<\/p>\n<p>A vers\u00e3o em A\u00e7o Inoxid\u00e1vel Natural apresenta um corpo central em a\u00e7o inoxid\u00e1vel 304 escovado com efeito de <strong>&#8220;p\u00e9rola&#8221;<\/strong>, um acabamento obtido atrav\u00e9s de um processo de acabamento especial que, em combina\u00e7\u00e3o com a grelha de prote\u00e7\u00e3o na tampa de sa\u00edda, confere ao produto um <strong>aspeto incompar\u00e1vel<\/strong>.<\/p>\n","protected":false},"excerpt":{"rendered":"<p>N\u00c3O APROVADO. A instala\u00e7\u00e3o deste sistema de escape sem a switch-off key pode fazer com que a luz de aviso do motor se acenda.<\/p>\n","protected":false},"featured_media":64198,"template":"","meta":{"_acf_changed":false},"product_brand":[21416,21413,21384],"product_cat":[19573],"product_tag":[],"class_list":{"0":"post-85417","1":"product","2":"type-product","3":"status-publish","4":"has-post-thumbnail","6":"product_brand-2025-2026-757","7":"product_brand-mt-125","8":"product_brand-yamaha","9":"product_cat-planta-completa","11":"first","12":"instock","13":"shipping-taxable","14":"product-type-simple"},"acf":[],"_links":{"self":[{"href":"https:\/\/dev.mivv.com\/pt-pt\/wp-json\/wp\/v2\/product\/85417","targetHints":{"allow":["GET"]}}],"collection":[{"href":"https:\/\/dev.mivv.com\/pt-pt\/wp-json\/wp\/v2\/product"}],"about":[{"href":"https:\/\/dev.mivv.com\/pt-pt\/wp-json\/wp\/v2\/types\/product"}],"wp:featuredmedia":[{"embeddable":true,"href":"https:\/\/dev.mivv.com\/pt-pt\/wp-json\/wp\/v2\/media\/64198"}],"wp:attachment":[{"href":"https:\/\/dev.mivv.com\/pt-pt\/wp-json\/wp\/v2\/media?parent=85417"}],"wp:term":[{"taxonomy":"product_brand","embeddable":true,"href":"https:\/\/dev.mivv.com\/pt-pt\/wp-json\/wp\/v2\/product_brand?post=85417"},{"taxonomy":"product_cat","embeddable":true,"href":"https:\/\/dev.mivv.com\/pt-pt\/wp-json\/wp\/v2\/product_cat?post=85417"},{"taxonomy":"product_tag","embeddable":true,"href":"https:\/\/dev.mivv.com\/pt-pt\/wp-json\/wp\/v2\/product_tag?post=85417"}],"curies":[{"name":"wp","href":"https:\/\/api.w.org\/{rel}","templated":true}]}}