{"id":85977,"date":"2026-04-15T19:57:40","date_gmt":"2026-04-15T17:57:40","guid":{"rendered":"https:\/\/dev.mivv.com\/scarico-moto\/mo-001-lvc-morbidelli-t1002vx-2025-2026\/"},"modified":"2026-04-15T19:57:40","modified_gmt":"2026-04-15T17:57:40","slug":"mo-001-lvc-morbidelli-t1002vx-2025-2026","status":"publish","type":"product","link":"https:\/\/dev.mivv.com\/pt-pt\/product\/mo-001-lvc-morbidelli-t1002vx-2025-2026\/","title":{"rendered":"MO.001.LVC- MORBIDELLI T1002VX 2025 > 2026"},"content":{"rendered":"<p>Concebidos para melhorar a <strong>est\u00e9tica, som e desempenho<\/strong> da moto, os Escapes mont\u00e1veis da Mivv s\u00e3o o resultado da m\u00e1xima aten\u00e7\u00e3o ao design, com o objetivo de satisfazer aqueles que se querem <strong>distinguir<\/strong> pelo <strong>aspeto<\/strong> das suas motos.<\/p>\n<p>O escape OVAL \u00e9 perfeitamente adequado para todos os tipos de motos. Com a m\u00e1xima aten\u00e7\u00e3o aos detalhes, esta gama \u00e9 o melhor compromisso entre o <strong>visual<\/strong> e o <strong>desempenho<\/strong>. <\/p>\n<p>Este escape apresenta um corpo central em a\u00e7o inoxid\u00e1vel\u00a0<strong>preto<\/strong>\u00a0com efeito &#8220;Black Satin\u201d, obtido com um processo de colora\u00e7\u00e3o especial que proporciona um aspeto mais\u00a0<strong>agressivo<\/strong>\u00a0ao silenciador.<\/p>\n","protected":false},"excerpt":{"rendered":"<p>Concebidos para melhorar a est\u00e9tica, som e desempenho da moto, os Escapes mont\u00e1veis da Mivv s\u00e3o o resultado da m\u00e1xima aten\u00e7\u00e3o ao design, com o objetivo de satisfazer aqueles que se querem distinguir pelo aspeto das suas motos. O escape OVAL \u00e9 perfeitamente adequado para todos os tipos de motos. Com a m\u00e1xima aten\u00e7\u00e3o aos [&hellip;]<\/p>\n","protected":false},"featured_media":62926,"template":"","meta":{"_acf_changed":false},"product_brand":[21103,21101,21102],"product_cat":[705],"product_tag":[],"class_list":{"0":"post-85977","1":"product","2":"type-product","3":"status-publish","4":"has-post-thumbnail","6":"product_brand-2025-t1002vx","7":"product_brand-morbidelli","8":"product_brand-t1002vx","9":"product_cat-slip-on","11":"first","12":"instock","13":"shipping-taxable","14":"product-type-simple"},"acf":[],"_links":{"self":[{"href":"https:\/\/dev.mivv.com\/pt-pt\/wp-json\/wp\/v2\/product\/85977","targetHints":{"allow":["GET"]}}],"collection":[{"href":"https:\/\/dev.mivv.com\/pt-pt\/wp-json\/wp\/v2\/product"}],"about":[{"href":"https:\/\/dev.mivv.com\/pt-pt\/wp-json\/wp\/v2\/types\/product"}],"wp:featuredmedia":[{"embeddable":true,"href":"https:\/\/dev.mivv.com\/pt-pt\/wp-json\/wp\/v2\/media\/62926"}],"wp:attachment":[{"href":"https:\/\/dev.mivv.com\/pt-pt\/wp-json\/wp\/v2\/media?parent=85977"}],"wp:term":[{"taxonomy":"product_brand","embeddable":true,"href":"https:\/\/dev.mivv.com\/pt-pt\/wp-json\/wp\/v2\/product_brand?post=85977"},{"taxonomy":"product_cat","embeddable":true,"href":"https:\/\/dev.mivv.com\/pt-pt\/wp-json\/wp\/v2\/product_cat?post=85977"},{"taxonomy":"product_tag","embeddable":true,"href":"https:\/\/dev.mivv.com\/pt-pt\/wp-json\/wp\/v2\/product_tag?post=85977"}],"curies":[{"name":"wp","href":"https:\/\/api.w.org\/{rel}","templated":true}]}}