{"id":92674,"date":"2026-04-21T13:40:21","date_gmt":"2026-04-21T11:40:21","guid":{"rendered":"https:\/\/dev.mivv.com\/scarico-moto\/h-046-l7-honda-integra-750-2014-2020\/"},"modified":"2026-04-21T13:40:21","modified_gmt":"2026-04-21T11:40:21","slug":"h-046-l7-honda-integra-750-2014-2020","status":"publish","type":"product","link":"https:\/\/dev.mivv.com\/pt-pt\/product\/h-046-l7-honda-integra-750-2014-2020\/","title":{"rendered":"H.046.L7 &#8211; Honda INTEGRA 750 2014 > 2020"},"content":{"rendered":"<p>Os escapes Mivv para scooters t\u00eam como objetivo melhorar o <strong>som<\/strong> e o <strong>desempenho<\/strong>, bem como o <strong>aspeto<\/strong> das pr\u00f3prias scooters. Uma mistura perfeita para uma scooter completamente <strong>especial<\/strong>.<\/p>\n<p>A gama SUONO \u00e9 a <strong>combina\u00e7\u00e3o perfeita<\/strong> de <strong>apar\u00eancia, inova\u00e7\u00e3o e tecnologia<\/strong> aplicada. Para o seu design, escolhemos os <strong>melhores materiais<\/strong> para garantir a <strong>m\u00e1xima leveza<\/strong> ao produto.<\/p>\n<p>Totalmente fabricado em a\u00e7o inoxid\u00e1vel escovado resistente a altas temperaturas, este silenciador \u00e9 ideal para os entusiastas de motos com uma aten\u00e7\u00e3o especial ao <strong>design.<\/strong><\/p>\n","protected":false},"excerpt":{"rendered":"<p>Os escapes Mivv para scooters t\u00eam como objetivo melhorar o som e o desempenho, bem como o aspeto das pr\u00f3prias scooters. Uma mistura perfeita para uma scooter completamente especial. A gama SUONO \u00e9 a combina\u00e7\u00e3o perfeita de apar\u00eancia, inova\u00e7\u00e3o e tecnologia aplicada. Para o seu design, escolhemos os melhores materiais para garantir a m\u00e1xima leveza [&hellip;]<\/p>\n","protected":false},"featured_media":62590,"template":"","meta":{"_acf_changed":false},"product_brand":[24577,23849,24570],"product_cat":[705],"product_tag":[],"class_list":{"0":"post-92674","1":"product","2":"type-product","3":"status-publish","4":"has-post-thumbnail","6":"product_brand-2014-2015-integra-750","7":"product_brand-honda","8":"product_brand-integra-750","9":"product_cat-slip-on","11":"first","12":"instock","13":"shipping-taxable","14":"product-type-simple"},"acf":[],"_links":{"self":[{"href":"https:\/\/dev.mivv.com\/pt-pt\/wp-json\/wp\/v2\/product\/92674","targetHints":{"allow":["GET"]}}],"collection":[{"href":"https:\/\/dev.mivv.com\/pt-pt\/wp-json\/wp\/v2\/product"}],"about":[{"href":"https:\/\/dev.mivv.com\/pt-pt\/wp-json\/wp\/v2\/types\/product"}],"wp:featuredmedia":[{"embeddable":true,"href":"https:\/\/dev.mivv.com\/pt-pt\/wp-json\/wp\/v2\/media\/62590"}],"wp:attachment":[{"href":"https:\/\/dev.mivv.com\/pt-pt\/wp-json\/wp\/v2\/media?parent=92674"}],"wp:term":[{"taxonomy":"product_brand","embeddable":true,"href":"https:\/\/dev.mivv.com\/pt-pt\/wp-json\/wp\/v2\/product_brand?post=92674"},{"taxonomy":"product_cat","embeddable":true,"href":"https:\/\/dev.mivv.com\/pt-pt\/wp-json\/wp\/v2\/product_cat?post=92674"},{"taxonomy":"product_tag","embeddable":true,"href":"https:\/\/dev.mivv.com\/pt-pt\/wp-json\/wp\/v2\/product_tag?post=92674"}],"curies":[{"name":"wp","href":"https:\/\/api.w.org\/{rel}","templated":true}]}}