{"id":94907,"date":"2026-04-21T13:55:39","date_gmt":"2026-04-21T11:55:39","guid":{"rendered":"https:\/\/dev.mivv.com\/scarico-moto\/h-066-l9-honda-x-adv-750-2017-2024\/"},"modified":"2026-04-21T13:55:39","modified_gmt":"2026-04-21T11:55:39","slug":"h-066-l9-honda-x-adv-750-2017-2024","status":"publish","type":"product","link":"https:\/\/dev.mivv.com\/pt-pt\/product\/h-066-l9-honda-x-adv-750-2017-2024\/","title":{"rendered":"H.066.L9 \u2013 HONDA X-ADV 750 2017 > 2024"},"content":{"rendered":"<p>Os escapes Mivv para scooters t\u00eam como objetivo melhorar o <strong>som<\/strong> e o <strong>desempenho<\/strong>, bem como o <strong>aspeto<\/strong> das pr\u00f3prias scooters. Uma mistura perfeita para uma scooter completamente <strong>especial<\/strong>.<\/p>\n<p>A gama SUONO \u00e9 a <strong>combina\u00e7\u00e3o perfeita<\/strong> de <strong>apar\u00eancia, inova\u00e7\u00e3o e tecnologia<\/strong> aplicada. Para o seu design, escolhemos os <strong>melhores materiais<\/strong> para garantir a <strong>m\u00e1xima leveza<\/strong> ao produto.<\/p>\n<p>Este escape apresenta um corpo central em a\u00e7o inoxid\u00e1vel preto com efeito <strong>&#8220;Black Moon&#8221;<\/strong> escovado, obtido com um processo de colora\u00e7\u00e3o especial que proporciona um aspeto mais <strong>agressivo<\/strong> ao silenciador.<\/p>\n","protected":false},"excerpt":{"rendered":"<p>Os escapes Mivv para scooters t\u00eam como objetivo melhorar o som e o desempenho, bem como o aspeto das pr\u00f3prias scooters. Uma mistura perfeita para uma scooter completamente especial. A gama SUONO \u00e9 a combina\u00e7\u00e3o perfeita de apar\u00eancia, inova\u00e7\u00e3o e tecnologia aplicada. Para o seu design, escolhemos os melhores materiais para garantir a m\u00e1xima leveza [&hellip;]<\/p>\n","protected":false},"featured_media":62600,"template":"","meta":{"_acf_changed":false},"product_brand":[24843,23849,24836],"product_cat":[705],"product_tag":[],"class_list":{"0":"post-94907","1":"product","2":"type-product","3":"status-publish","4":"has-post-thumbnail","6":"product_brand-2017-x-adv-750","7":"product_brand-honda","8":"product_brand-x-adv-750","9":"product_cat-slip-on","11":"first","12":"instock","13":"shipping-taxable","14":"product-type-simple"},"acf":[],"_links":{"self":[{"href":"https:\/\/dev.mivv.com\/pt-pt\/wp-json\/wp\/v2\/product\/94907","targetHints":{"allow":["GET"]}}],"collection":[{"href":"https:\/\/dev.mivv.com\/pt-pt\/wp-json\/wp\/v2\/product"}],"about":[{"href":"https:\/\/dev.mivv.com\/pt-pt\/wp-json\/wp\/v2\/types\/product"}],"wp:featuredmedia":[{"embeddable":true,"href":"https:\/\/dev.mivv.com\/pt-pt\/wp-json\/wp\/v2\/media\/62600"}],"wp:attachment":[{"href":"https:\/\/dev.mivv.com\/pt-pt\/wp-json\/wp\/v2\/media?parent=94907"}],"wp:term":[{"taxonomy":"product_brand","embeddable":true,"href":"https:\/\/dev.mivv.com\/pt-pt\/wp-json\/wp\/v2\/product_brand?post=94907"},{"taxonomy":"product_cat","embeddable":true,"href":"https:\/\/dev.mivv.com\/pt-pt\/wp-json\/wp\/v2\/product_cat?post=94907"},{"taxonomy":"product_tag","embeddable":true,"href":"https:\/\/dev.mivv.com\/pt-pt\/wp-json\/wp\/v2\/product_tag?post=94907"}],"curies":[{"name":"wp","href":"https:\/\/api.w.org\/{rel}","templated":true}]}}