{"id":95719,"date":"2026-04-21T14:01:26","date_gmt":"2026-04-21T12:01:26","guid":{"rendered":"https:\/\/dev.mivv.com\/scarico-moto\/h-020-lc3b-honda-hornet-600-2003-2006\/"},"modified":"2026-04-21T14:01:26","modified_gmt":"2026-04-21T12:01:26","slug":"h-020-lc3b-honda-hornet-600-2003-2006","status":"publish","type":"product","link":"https:\/\/dev.mivv.com\/pt-pt\/product\/h-020-lc3b-honda-hornet-600-2003-2006\/","title":{"rendered":"H.020.LC3B &#8211; Honda HORNET 600 2003 > 2006"},"content":{"rendered":"<p>Concebidos para melhorar a <strong>est\u00e9tica, som e desempenho<\/strong> da moto, os Escapes mont\u00e1veis da Mivv s\u00e3o o resultado da m\u00e1xima aten\u00e7\u00e3o ao design, com o objetivo de satisfazer aqueles que se querem <strong>distinguir<\/strong> pelo <strong>aspeto<\/strong> das suas motos.<\/p>\n<p>O escape X-CONE destina-se principalmente a motos naked ou retro. Com uma forma <strong>c\u00f3nica<\/strong>, o seu aspeto foi cuidadosamente desenhado em cada detalhe.<\/p>\n<p>\u00c9 inteiramente feito de a\u00e7o inoxid\u00e1vel <strong>preto<\/strong> com efeito <strong>\u201cBlack Moon\u201d<\/strong>, obtido gra\u00e7as a um processo especial de pintura \u00e0 base de cer\u00e2mica que confere ao produto um <strong>aspeto mais agressivo.<\/strong><\/p>\n","protected":false},"excerpt":{"rendered":"<p>Concebidos para melhorar a est\u00e9tica, som e desempenho da moto, os Escapes mont\u00e1veis da Mivv s\u00e3o o resultado da m\u00e1xima aten\u00e7\u00e3o ao design, com o objetivo de satisfazer aqueles que se querem distinguir pelo aspeto das suas motos. O escape X-CONE destina-se principalmente a motos naked ou retro. Com uma forma c\u00f3nica, o seu aspeto [&hellip;]<\/p>\n","protected":false},"featured_media":64012,"template":"","meta":{"_acf_changed":false},"product_brand":[24528,23849,24507],"product_cat":[705],"product_tag":[],"class_list":{"0":"post-95719","1":"product","2":"type-product","3":"status-publish","4":"has-post-thumbnail","6":"product_brand-2003-2006-hornet-600","7":"product_brand-honda","8":"product_brand-hornet-600","9":"product_cat-slip-on","11":"first","12":"instock","13":"shipping-taxable","14":"product-type-simple"},"acf":[],"_links":{"self":[{"href":"https:\/\/dev.mivv.com\/pt-pt\/wp-json\/wp\/v2\/product\/95719","targetHints":{"allow":["GET"]}}],"collection":[{"href":"https:\/\/dev.mivv.com\/pt-pt\/wp-json\/wp\/v2\/product"}],"about":[{"href":"https:\/\/dev.mivv.com\/pt-pt\/wp-json\/wp\/v2\/types\/product"}],"wp:featuredmedia":[{"embeddable":true,"href":"https:\/\/dev.mivv.com\/pt-pt\/wp-json\/wp\/v2\/media\/64012"}],"wp:attachment":[{"href":"https:\/\/dev.mivv.com\/pt-pt\/wp-json\/wp\/v2\/media?parent=95719"}],"wp:term":[{"taxonomy":"product_brand","embeddable":true,"href":"https:\/\/dev.mivv.com\/pt-pt\/wp-json\/wp\/v2\/product_brand?post=95719"},{"taxonomy":"product_cat","embeddable":true,"href":"https:\/\/dev.mivv.com\/pt-pt\/wp-json\/wp\/v2\/product_cat?post=95719"},{"taxonomy":"product_tag","embeddable":true,"href":"https:\/\/dev.mivv.com\/pt-pt\/wp-json\/wp\/v2\/product_tag?post=95719"}],"curies":[{"name":"wp","href":"https:\/\/api.w.org\/{rel}","templated":true}]}}