{"id":98176,"date":"2026-04-21T14:21:09","date_gmt":"2026-04-21T12:21:09","guid":{"rendered":"https:\/\/dev.mivv.com\/scarico-moto\/d-047-sc4b-ducati-streetfighter-v4-2020-2022\/"},"modified":"2026-04-21T14:21:09","modified_gmt":"2026-04-21T12:21:09","slug":"d-047-sc4b-ducati-streetfighter-v4-2020-2022","status":"publish","type":"product","link":"https:\/\/dev.mivv.com\/pt-pt\/product\/d-047-sc4b-ducati-streetfighter-v4-2020-2022\/","title":{"rendered":"D.047.SC4B \u2013 DUCATI STREETFIGHTER V4 2020 > 2022"},"content":{"rendered":"<p>Concebidos para melhorar a <strong>est\u00e9tica, som e desempenho<\/strong> da moto, os Escapes mont\u00e1veis da Mivv s\u00e3o o resultado da m\u00e1xima aten\u00e7\u00e3o ao design, com o objetivo de satisfazer aqueles que se querem <strong>distinguir<\/strong> pelo <strong>aspeto<\/strong> das suas motos.<\/p>\n<p>A linha Mivv <strong>X-M1<\/strong>, o resultado da experi\u00eancia adquirida nos Campeonato Mundiais de <strong>MotoGP<\/strong> e <strong>Moto2<\/strong>, \u00e9 a s\u00edntese perfeita entre <strong>estilo de corrida<\/strong> e <strong>desempenho<\/strong>. Com um <strong>design<\/strong> semelhante aos escapes feitos para o Campeonato Mundial, o silenciador <strong>X-M1<\/strong> tem uma forma <strong>c\u00f3nica<\/strong> e dimens\u00f5es <strong>compactas<\/strong> e \u00e9 capaz de soltar o som <strong>cativante<\/strong> da MIVV.<\/p>\n<p>A vers\u00e3o <strong>Preta<\/strong> apresenta um corpo central em a\u00e7o inoxid\u00e1vel 304 preto com efeito <strong>&#8220;Black Moon&#8221;<\/strong>, acabamento obtido gra\u00e7as a um processo especial de pintura \u00e0 base de cer\u00e2mica.<\/p>\n<p><strong>X-M1 pure Italian style<\/strong><\/p>\n","protected":false},"excerpt":{"rendered":"<p>Not approved. Available from June 1st, 2021.This system does not require the replacement of the original primary manifolds. Titanium pipes. It allows the reinstallation of the original chain guard, protecting the exhaust from chain oil and grease. To improve performance, we recommend remapping the ECU. For more info read the technical information under the documentation box. Noise emissions with db killer: 107 db @ 6375 rpm<\/p>\n","protected":false},"featured_media":9757,"template":"","meta":{"_acf_changed":false},"product_brand":[23457,22771,23450],"product_cat":[850],"product_tag":[],"class_list":{"0":"post-98176","1":"product","2":"type-product","3":"status-publish","4":"has-post-thumbnail","6":"product_brand-2020-streetfighter-v4","7":"product_brand-ducati","8":"product_brand-streetfighter-v4","9":"product_cat-2-slip-on","11":"first","12":"instock","13":"shipping-taxable","14":"product-type-simple"},"acf":[],"_links":{"self":[{"href":"https:\/\/dev.mivv.com\/pt-pt\/wp-json\/wp\/v2\/product\/98176","targetHints":{"allow":["GET"]}}],"collection":[{"href":"https:\/\/dev.mivv.com\/pt-pt\/wp-json\/wp\/v2\/product"}],"about":[{"href":"https:\/\/dev.mivv.com\/pt-pt\/wp-json\/wp\/v2\/types\/product"}],"wp:featuredmedia":[{"embeddable":true,"href":"https:\/\/dev.mivv.com\/pt-pt\/wp-json\/wp\/v2\/media\/9757"}],"wp:attachment":[{"href":"https:\/\/dev.mivv.com\/pt-pt\/wp-json\/wp\/v2\/media?parent=98176"}],"wp:term":[{"taxonomy":"product_brand","embeddable":true,"href":"https:\/\/dev.mivv.com\/pt-pt\/wp-json\/wp\/v2\/product_brand?post=98176"},{"taxonomy":"product_cat","embeddable":true,"href":"https:\/\/dev.mivv.com\/pt-pt\/wp-json\/wp\/v2\/product_cat?post=98176"},{"taxonomy":"product_tag","embeddable":true,"href":"https:\/\/dev.mivv.com\/pt-pt\/wp-json\/wp\/v2\/product_tag?post=98176"}],"curies":[{"name":"wp","href":"https:\/\/api.w.org\/{rel}","templated":true}]}}